{"id":6597,"date":"2015-08-21T09:14:33","date_gmt":"2015-08-21T07:14:33","guid":{"rendered":"https:\/\/alcaracejosmozarabe.com\/enlaces-interes\/"},"modified":"2022-08-10T17:31:41","modified_gmt":"2022-08-10T15:31:41","slug":"useful-links","status":"publish","type":"page","link":"https:\/\/alcaracejosmozarabe.com\/en\/useful-links\/","title":{"rendered":"Useful Links"},"content":{"rendered":"<style type=\"text\/css\"> \n#cmsmasters_row_69f30949485f61_73679259 .cmsmasters_row_outer_parent { \n\tpadding-top: 0px; \n} \n\n#cmsmasters_row_69f30949485f61_73679259 .cmsmasters_row_outer_parent { \n\tpadding-bottom: 50px; \n} \n\n \n#cmsmasters_divider_69f30949487444_35690903 { \n\tborder-bottom-width:0px; \n\tborder-bottom-style:solid; \n\tpadding-top:30px; \n\tmargin-bottom:30px; \n} \n \n#cmsmasters_row_69f30949489253_11982316 .cmsmasters_row_outer_parent { \n\tpadding-top: 0px; \n} \n\n#cmsmasters_row_69f30949489253_11982316 .cmsmasters_row_outer_parent { \n\tpadding-bottom: 30px; \n} \n\n \n#cmsmasters_icon_list_items_69f3094948b008_05549861.cmsmasters_icon_list_items .cmsmasters_icon_list_item:before { \n\tleft:49.5px; \n\ttop:100px; \n} \n#cmsmasters_icon_list_items_69f3094948b008_05549861.cmsmasters_icon_list_type_block .cmsmasters_icon_list_item:before { \n\twidth:1px; \n} \n\n#cmsmasters_icon_list_items_69f3094948b008_05549861 .cmsmasters_icon_list_icon { \n\twidth:100px; \n\theight:100px; \n\t-webkit-border-radius:50%; \n\tborder-radius:50%; \n} \n\n#cmsmasters_icon_list_items_69f3094948b008_05549861 .cmsmasters_icon_list_icon:before { \n\tfont-size:30px; \n\tline-height:100px; \n} \n\n#cmsmasters_icon_list_items_69f3094948b008_05549861 .cmsmasters_icon_list_icon:after { \n\tborder-width:10px; \n\twidth:102px; \n\theight:102px; \n\t-webkit-border-radius:50%; \n\tborder-radius:50%; \n} \n\n.cmsmasters_icon_list_items.cmsmasters_color_type_border #cmsmasters_icon_list_item_69f3094948bbc5_25153963:hover .cmsmasters_icon_list_icon:after { \n\tborder-color:transparent; \n\tborder-width:0; \n} \n\n.cmsmasters_icon_list_items.cmsmasters_color_type_border #cmsmasters_icon_list_item_69f3094948c1d6_82375795:hover .cmsmasters_icon_list_icon:after { \n\tborder-color:transparent; \n\tborder-width:0; \n} \n\n.cmsmasters_icon_list_items.cmsmasters_color_type_border #cmsmasters_icon_list_item_69f3094948c6e4_07103654:hover .cmsmasters_icon_list_icon:after { \n\tborder-color:transparent; \n\tborder-width:0; \n} \n\n.cmsmasters_icon_list_items.cmsmasters_color_type_border #cmsmasters_icon_list_item_69f3094948cb90_33079550:hover .cmsmasters_icon_list_icon:after { \n\tborder-color:transparent; \n\tborder-width:0; \n} \n\n.cmsmasters_icon_list_items.cmsmasters_color_type_border #cmsmasters_icon_list_item_69f3094948d037_87877145:hover .cmsmasters_icon_list_icon:after { \n\tborder-color:transparent; \n\tborder-width:0; \n} \n \n#cmsmasters_icon_list_items_69f3094948df85_73342141.cmsmasters_icon_list_items .cmsmasters_icon_list_item:before { \n\tleft:49.5px; \n\ttop:100px; \n} \n#cmsmasters_icon_list_items_69f3094948df85_73342141.cmsmasters_icon_list_type_block .cmsmasters_icon_list_item:before { \n\twidth:1px; \n} \n\n#cmsmasters_icon_list_items_69f3094948df85_73342141 .cmsmasters_icon_list_icon { \n\twidth:100px; \n\theight:100px; \n\t-webkit-border-radius:50%; \n\tborder-radius:50%; \n} \n\n#cmsmasters_icon_list_items_69f3094948df85_73342141 .cmsmasters_icon_list_icon:before { \n\tfont-size:30px; \n\tline-height:100px; \n} \n\n#cmsmasters_icon_list_items_69f3094948df85_73342141 .cmsmasters_icon_list_icon:after { \n\tborder-width:10px; \n\twidth:102px; \n\theight:102px; \n\t-webkit-border-radius:50%; \n\tborder-radius:50%; \n} \n\n.cmsmasters_icon_list_items.cmsmasters_color_type_border #cmsmasters_icon_list_item_69f3094948e5c7_79591717:hover .cmsmasters_icon_list_icon:after { \n\tborder-color:transparent; \n\tborder-width:0; \n} \n\n.cmsmasters_icon_list_items.cmsmasters_color_type_border #cmsmasters_icon_list_item_69f3094948ead1_55220806:hover .cmsmasters_icon_list_icon:after { \n\tborder-color:transparent; \n\tborder-width:0; \n} \n\n.cmsmasters_icon_list_items.cmsmasters_color_type_border #cmsmasters_icon_list_item_69f3094948efa5_30553583:hover .cmsmasters_icon_list_icon:after { \n\tborder-color:transparent; \n\tborder-width:0; \n} \n\n.cmsmasters_icon_list_items.cmsmasters_color_type_border #cmsmasters_icon_list_item_69f3094948f491_00535551:hover .cmsmasters_icon_list_icon:after { \n\tborder-color:transparent; \n\tborder-width:0; \n} \n\n.cmsmasters_icon_list_items.cmsmasters_color_type_border #cmsmasters_icon_list_item_69f3094948f897_70631181:hover .cmsmasters_icon_list_icon:after { \n\tborder-color:transparent; \n\tborder-width:0; \n} \n \n#cmsmasters_row_69f3094948ffb2_70434652 .cmsmasters_row_outer_parent { \n\tpadding-top: 0px; \n} \n\n#cmsmasters_row_69f3094948ffb2_70434652 .cmsmasters_row_outer_parent { \n\tpadding-bottom: 30px; \n} \n\n \n#cmsmasters_divider_69f30949490ff9_72603582 { \n\tborder-bottom-width:0px; \n\tborder-bottom-style:solid; \n\tpadding-top:30px; \n\tmargin-bottom:30px; \n} \n<\/style><div id=\"cmsmasters_row_69f30949485f61_73679259\" class=\"cmsmasters_row cmsmasters_color_scheme_default cmsmasters_row_top_default cmsmasters_row_bot_default cmsmasters_row_boxed\">\n<div class=\"cmsmasters_row_outer_parent\">\n<div class=\"cmsmasters_row_outer\">\n<div class=\"cmsmasters_row_inner\">\n<div class=\"cmsmasters_row_margin\">\n<div class=\"cmsmasters_column one_first\">\n\n<div id=\"cmsmasters_divider_69f30949487444_35690903\" class=\"cl\"><\/div>\n<div class=\"cmsmasters_text\">\n<h2><span class=\"s2\">Useful<\/span><span class=\"s2\"> Links<\/span> <span class=\"s2\">in<\/span><span class=\"s2\"> Alcaracejos<\/span><\/h2>\n<\/div>\n<\/div>\n<div class=\"cmsmasters_column one_first\">\n<\/div>\n<\/div>\n<\/div>\n<\/div>\n<\/div>\n<\/div>\n<div id=\"cmsmasters_row_69f30949489253_11982316\" class=\"cmsmasters_row cmsmasters_color_scheme_default cmsmasters_row_top_default cmsmasters_row_bot_default cmsmasters_row_boxed\">\n<div class=\"cmsmasters_row_outer_parent\">\n<div class=\"cmsmasters_row_outer\">\n<div class=\"cmsmasters_row_inner\">\n<div class=\"cmsmasters_row_margin\">\n<div class=\"cmsmasters_column one_half\">\n \n<ul id=\"cmsmasters_icon_list_items_69f3094948b008_05549861\" class=\"cmsmasters_icon_list_items cmsmasters_icon_list_type_block cmsmasters_icon_list_pos_left cmsmasters_color_type_border\"><li id=\"cmsmasters_icon_list_item_69f3094948bbc5_25153963\" class=\"cmsmasters_icon_list_item\">\n<div class=\"cmsmasters_icon_list_item_inner\">\n<div class=\"cmsmasters_icon_list_icon_wrap\">\n<span class=\"cmsmasters_icon_list_icon cmsmasters-icon-edit\"><\/span>\n<\/div>\n<div class=\"cmsmasters_icon_list_item_content\">\n<h4 class=\"cmsmasters_icon_list_item_title\">Ayuntamiento de Alcaracejos<\/h4>\n<div class=\"cmsmasters_icon_list_item_text\">\n<p>Plaza de los Pedroches, 1<br \/>\n957156009<br \/>\n<a href=\"mailto:ayuntamiento@alcaracejos.es\">ayuntamiento@alcaracejos.es<\/a><br \/>\n<a href=\"https:\/\/alcaracejos.es\" target=\"_blank\" rel=\"noopener noreferrer\">www.alcaracejos.es<\/a><\/p>\n<\/div>\n<\/div>\n<\/div>\n<\/li><li id=\"cmsmasters_icon_list_item_69f3094948c1d6_82375795\" class=\"cmsmasters_icon_list_item\">\n<div class=\"cmsmasters_icon_list_item_inner\">\n<div class=\"cmsmasters_icon_list_icon_wrap\">\n<span class=\"cmsmasters_icon_list_icon cmsmasters-icon-edit\"><\/span>\n<\/div>\n<div class=\"cmsmasters_icon_list_item_content\">\n<h4 class=\"cmsmasters_icon_list_item_title\">Biblioteca Municipal<\/h4>\n<div class=\"cmsmasters_icon_list_item_text\">\n<p>Virgen de Gu\u00eda, 25<br \/>\n957156423<br \/>\n<a href=\"mailto:bibliotecaalcaracejos@gmail.com\">bibliotecaalcaracejos@gmail.com<\/a><br \/>\n<a href=\"http:\/\/bibliotecaalcaracejos.blogspot.com\" target=\"_blank\" rel=\"noopener noreferrer\">http:\/\/bibliotecaalcaracejos.blogspot.com<\/a><\/p>\n<\/div>\n<\/div>\n<\/div>\n<\/li><li id=\"cmsmasters_icon_list_item_69f3094948c6e4_07103654\" class=\"cmsmasters_icon_list_item\">\n<div class=\"cmsmasters_icon_list_item_inner\">\n<div class=\"cmsmasters_icon_list_icon_wrap\">\n<span class=\"cmsmasters_icon_list_icon cmsmasters-icon-edit\"><\/span>\n<\/div>\n<div class=\"cmsmasters_icon_list_item_content\">\n<h4 class=\"cmsmasters_icon_list_item_title\">Centro Guadalinfo<\/h4>\n<div class=\"cmsmasters_icon_list_item_text\">\n<p>El Viso, 2<br \/>\n957156384<br \/>\n<a href=\"mailto:guadalinfo@gmail.com\">guadalinfo@gmail.com<\/a><br \/>\n<a href=\"http:\/\/www.guadalinfo.es\/web\/centro-alcaracejos\" target=\"_blank\" rel=\"noopener noreferrer\">http:\/\/www.guadalinfo.es\/web\/centro-alcaracejos<\/a><\/p>\n<\/div>\n<\/div>\n<\/div>\n<\/li><li id=\"cmsmasters_icon_list_item_69f3094948cb90_33079550\" class=\"cmsmasters_icon_list_item\">\n<div class=\"cmsmasters_icon_list_item_inner\">\n<div class=\"cmsmasters_icon_list_icon_wrap\">\n<span class=\"cmsmasters_icon_list_icon cmsmasters-icon-edit\"><\/span>\n<\/div>\n<div class=\"cmsmasters_icon_list_item_content\">\n<h4 class=\"cmsmasters_icon_list_item_title\">Centro Termal Los Pedroches<\/h4>\n<div class=\"cmsmasters_icon_list_item_text\">\n<p>Pozoblanco, 37<br \/>\n609403017<br \/>\n<a href=\"mailto:info@centrotermalpedroches.com\">info@centrotermalpedroches.com<\/a><br \/>\n<a href=\"http:\/\/www.centrotermalpedroches.com\" target=\"_blank\" rel=\"noopener noreferrer\">http:\/\/www.centrotermalpedroches.com<\/a><\/p>\n<\/div>\n<\/div>\n<\/div>\n<\/li><li id=\"cmsmasters_icon_list_item_69f3094948d037_87877145\" class=\"cmsmasters_icon_list_item\">\n<div class=\"cmsmasters_icon_list_item_inner\">\n<div class=\"cmsmasters_icon_list_icon_wrap\">\n<span class=\"cmsmasters_icon_list_icon cmsmasters-icon-edit\"><\/span>\n<\/div>\n<div class=\"cmsmasters_icon_list_item_content\">\n<h4 class=\"cmsmasters_icon_list_item_title\">Mancomunidad de Municipios de Los Pedroches<\/h4>\n<div class=\"cmsmasters_icon_list_item_text\">\n<p>Pozoblanco, 4<br \/>\n957774010<br \/>\n<a href=\"mailto:mancomunidad@lospedroches.org\">mancomunidad@lospedroches.org<\/a><br \/>\n<a href=\"https:\/\/www.lospedroches.org\" target=\"_blank\" rel=\"noopener noreferrer\">https:\/\/www.lospedroches.org<\/a><\/p>\n<\/div>\n<\/div>\n<\/div>\n<\/li><\/ul>\n<\/div>\n<div class=\"cmsmasters_column one_half\">\n \n<ul id=\"cmsmasters_icon_list_items_69f3094948df85_73342141\" class=\"cmsmasters_icon_list_items cmsmasters_icon_list_type_block cmsmasters_icon_list_pos_left cmsmasters_color_type_border\"><li id=\"cmsmasters_icon_list_item_69f3094948e5c7_79591717\" class=\"cmsmasters_icon_list_item\">\n<div class=\"cmsmasters_icon_list_item_inner\">\n<div class=\"cmsmasters_icon_list_icon_wrap\">\n<span class=\"cmsmasters_icon_list_icon cmsmasters-icon-edit\"><\/span>\n<\/div>\n<div class=\"cmsmasters_icon_list_item_content\">\n<h4 class=\"cmsmasters_icon_list_item_title\">Central de Reservas Los Pedroches<\/h4>\n<div class=\"cmsmasters_icon_list_item_text\">\n<p>675283698<br \/>\n<a href=\"mailto:info@reservalospedroches.com\">info@reservalospedroches.com<\/a><br \/>\n<a href=\"https:\/\/cietlospedroches.es\/reservas-los-pedroches\/\" target=\"_blank\" rel=\"noopener noreferrer\">https:\/\/cietlospedroches.es\/reservas-los-pedroches\/<\/a><\/p>\n<\/div>\n<\/div>\n<\/div>\n<\/li><li id=\"cmsmasters_icon_list_item_69f3094948ead1_55220806\" class=\"cmsmasters_icon_list_item\">\n<div class=\"cmsmasters_icon_list_item_inner\">\n<div class=\"cmsmasters_icon_list_icon_wrap\">\n<span class=\"cmsmasters_icon_list_icon cmsmasters-icon-edit\"><\/span>\n<\/div>\n<div class=\"cmsmasters_icon_list_item_content\">\n<h4 class=\"cmsmasters_icon_list_item_title\">CIET Los Pedroches \/ Oficina Comarcal de Turismo<\/h4>\n<div class=\"cmsmasters_icon_list_item_text\">\n<p>Calle Pozoblanco, s\/n<br \/>\n<a href=\"mailto:info@cietlospedroches.com\">info@cietlospedroches.com<\/a><br \/>\n<a href=\"https:\/\/www.cietlospedroches.es\" target=\"_blank\" rel=\"noopener noreferrer\">www.cietlospedroches.es<\/a><br \/>\n957156102<\/p>\n<\/div>\n<\/div>\n<\/div>\n<\/li><li id=\"cmsmasters_icon_list_item_69f3094948efa5_30553583\" class=\"cmsmasters_icon_list_item\">\n<div class=\"cmsmasters_icon_list_item_inner\">\n<div class=\"cmsmasters_icon_list_icon_wrap\">\n<span class=\"cmsmasters_icon_list_icon cmsmasters-icon-edit\"><\/span>\n<\/div>\n<div class=\"cmsmasters_icon_list_item_content\">\n<h4 class=\"cmsmasters_icon_list_item_title\">Museo de la Matanza \/ Visitas Tur\u00edsticas<\/h4>\n<div class=\"cmsmasters_icon_list_item_text\">\n<p>Capit\u00e1n Ferrer Morales, 4<br \/>\n609142013<br \/>\n<a href=\"mailto:reservasturismoalcaracejos@gmail.com\">reservasturismoalcaracejos@gmail.com<\/a><br \/>\n<a href=\"https:\/\/alcaracejos.es\/museo-de-la-matanza\" target=\"_blank\" rel=\"noopener noreferrer\">https:\/\/alcaracejos.es\/museo-de-la-matanza<\/a><\/p>\n<\/div>\n<\/div>\n<\/div>\n<\/li><li id=\"cmsmasters_icon_list_item_69f3094948f491_00535551\" class=\"cmsmasters_icon_list_item\">\n<div class=\"cmsmasters_icon_list_item_inner\">\n<div class=\"cmsmasters_icon_list_icon_wrap\">\n<span class=\"cmsmasters_icon_list_icon cmsmasters-icon-edit\"><\/span>\n<\/div>\n<div class=\"cmsmasters_icon_list_item_content\">\n<h4 class=\"cmsmasters_icon_list_item_title\">Parroquia de San Andr\u00e9s<\/h4>\n<div class=\"cmsmasters_icon_list_item_text\">\n<p>Plaza de la Iglesia, s\/n<br \/>\n957156390<\/p>\n<\/div>\n<\/div>\n<\/div>\n<\/li><li id=\"cmsmasters_icon_list_item_69f3094948f897_70631181\" class=\"cmsmasters_icon_list_item\">\n<div class=\"cmsmasters_icon_list_item_inner\">\n<div class=\"cmsmasters_icon_list_icon_wrap\">\n<span class=\"cmsmasters_icon_list_icon cmsmasters-icon-edit\"><\/span>\n<\/div>\n<div class=\"cmsmasters_icon_list_item_content\">\n<h4 class=\"cmsmasters_icon_list_item_title\">Casa del Peregrino de Alcaracejos<\/h4>\n<div class=\"cmsmasters_icon_list_item_text\">\n<p>Alf\u00e9rez Fern\u00e1ndez P\u00e9rez, 75<br \/>\n678 91 70 40<\/p>\n<\/div>\n<\/div>\n<\/div>\n<\/li><\/ul>\n<\/div>\n<\/div>\n<\/div>\n<\/div>\n<\/div>\n<\/div>\n<div id=\"cmsmasters_row_69f3094948ffb2_70434652\" class=\"cmsmasters_row cmsmasters_color_scheme_default cmsmasters_row_top_default cmsmasters_row_bot_default cmsmasters_row_boxed\">\n<div class=\"cmsmasters_row_outer_parent\">\n<div class=\"cmsmasters_row_outer\">\n<div class=\"cmsmasters_row_inner\">\n<div class=\"cmsmasters_row_margin\">\n<div class=\"cmsmasters_column one_first\">\n\n<div id=\"cmsmasters_divider_69f30949490ff9_72603582\" class=\"cl\"><\/div>\n<\/div>\n<\/div>\n<\/div>\n<\/div>\n<\/div>\n<\/div>\n\n","protected":false},"excerpt":{"rendered":"","protected":false},"author":1,"featured_media":0,"parent":0,"menu_order":0,"comment_status":"closed","ping_status":"closed","template":"","meta":{"_exactmetrics_skip_tracking":false,"_exactmetrics_sitenote_active":false,"_exactmetrics_sitenote_note":"","_exactmetrics_sitenote_category":0,"footnotes":""},"class_list":["post-6597","page","type-page","status-publish","hentry"],"yoast_head":"<!-- This site is optimized with the Yoast SEO plugin v26.7 - https:\/\/yoast.com\/wordpress\/plugins\/seo\/ -->\n<title>Useful Links | Alcaracejos Moz\u00e1rabe<\/title>\n<meta name=\"robots\" content=\"index, follow, max-snippet:-1, max-image-preview:large, max-video-preview:-1\" \/>\n<link rel=\"canonical\" href=\"https:\/\/alcaracejosmozarabe.com\/en\/useful-links\/\" \/>\n<meta property=\"og:locale\" content=\"en_US\" \/>\n<meta property=\"og:type\" content=\"article\" \/>\n<meta property=\"og:title\" content=\"Useful Links | Alcaracejos Moz\u00e1rabe\" \/>\n<meta property=\"og:url\" content=\"https:\/\/alcaracejosmozarabe.com\/en\/useful-links\/\" \/>\n<meta property=\"og:site_name\" content=\"Alcaracejos Moz\u00e1rabe\" \/>\n<meta property=\"article:modified_time\" content=\"2022-08-10T15:31:41+00:00\" \/>\n<meta name=\"twitter:card\" content=\"summary_large_image\" \/>\n<meta name=\"twitter:label1\" content=\"Est. reading time\" \/>\n\t<meta name=\"twitter:data1\" content=\"1 minute\" \/>\n<script type=\"application\/ld+json\" class=\"yoast-schema-graph\">{\"@context\":\"https:\/\/schema.org\",\"@graph\":[{\"@type\":\"WebPage\",\"@id\":\"https:\/\/alcaracejosmozarabe.com\/en\/useful-links\/\",\"url\":\"https:\/\/alcaracejosmozarabe.com\/en\/useful-links\/\",\"name\":\"Useful Links | Alcaracejos Moz\u00e1rabe\",\"isPartOf\":{\"@id\":\"https:\/\/alcaracejosmozarabe.com\/#website\"},\"datePublished\":\"2015-08-21T07:14:33+00:00\",\"dateModified\":\"2022-08-10T15:31:41+00:00\",\"breadcrumb\":{\"@id\":\"https:\/\/alcaracejosmozarabe.com\/en\/useful-links\/#breadcrumb\"},\"inLanguage\":\"en-US\",\"potentialAction\":[{\"@type\":\"ReadAction\",\"target\":[\"https:\/\/alcaracejosmozarabe.com\/en\/useful-links\/\"]}]},{\"@type\":\"BreadcrumbList\",\"@id\":\"https:\/\/alcaracejosmozarabe.com\/en\/useful-links\/#breadcrumb\",\"itemListElement\":[{\"@type\":\"ListItem\",\"position\":1,\"name\":\"Home\",\"item\":\"https:\/\/alcaracejosmozarabe.com\/en\/\"},{\"@type\":\"ListItem\",\"position\":2,\"name\":\"Useful Links\"}]},{\"@type\":\"WebSite\",\"@id\":\"https:\/\/alcaracejosmozarabe.com\/#website\",\"url\":\"https:\/\/alcaracejosmozarabe.com\/\",\"name\":\"Alcaracejos Moz\u00e1rabe\",\"description\":\"Descubre todo lo que puede ofrecerte Alcaracejos\",\"potentialAction\":[{\"@type\":\"SearchAction\",\"target\":{\"@type\":\"EntryPoint\",\"urlTemplate\":\"https:\/\/alcaracejosmozarabe.com\/?s={search_term_string}\"},\"query-input\":{\"@type\":\"PropertyValueSpecification\",\"valueRequired\":true,\"valueName\":\"search_term_string\"}}],\"inLanguage\":\"en-US\"}]}<\/script>\n<!-- \/ Yoast SEO plugin. -->","yoast_head_json":{"title":"Useful Links | Alcaracejos Moz\u00e1rabe","robots":{"index":"index","follow":"follow","max-snippet":"max-snippet:-1","max-image-preview":"max-image-preview:large","max-video-preview":"max-video-preview:-1"},"canonical":"https:\/\/alcaracejosmozarabe.com\/en\/useful-links\/","og_locale":"en_US","og_type":"article","og_title":"Useful Links | Alcaracejos Moz\u00e1rabe","og_url":"https:\/\/alcaracejosmozarabe.com\/en\/useful-links\/","og_site_name":"Alcaracejos Moz\u00e1rabe","article_modified_time":"2022-08-10T15:31:41+00:00","twitter_card":"summary_large_image","twitter_misc":{"Est. reading time":"1 minute"},"schema":{"@context":"https:\/\/schema.org","@graph":[{"@type":"WebPage","@id":"https:\/\/alcaracejosmozarabe.com\/en\/useful-links\/","url":"https:\/\/alcaracejosmozarabe.com\/en\/useful-links\/","name":"Useful Links | Alcaracejos Moz\u00e1rabe","isPartOf":{"@id":"https:\/\/alcaracejosmozarabe.com\/#website"},"datePublished":"2015-08-21T07:14:33+00:00","dateModified":"2022-08-10T15:31:41+00:00","breadcrumb":{"@id":"https:\/\/alcaracejosmozarabe.com\/en\/useful-links\/#breadcrumb"},"inLanguage":"en-US","potentialAction":[{"@type":"ReadAction","target":["https:\/\/alcaracejosmozarabe.com\/en\/useful-links\/"]}]},{"@type":"BreadcrumbList","@id":"https:\/\/alcaracejosmozarabe.com\/en\/useful-links\/#breadcrumb","itemListElement":[{"@type":"ListItem","position":1,"name":"Home","item":"https:\/\/alcaracejosmozarabe.com\/en\/"},{"@type":"ListItem","position":2,"name":"Useful Links"}]},{"@type":"WebSite","@id":"https:\/\/alcaracejosmozarabe.com\/#website","url":"https:\/\/alcaracejosmozarabe.com\/","name":"Alcaracejos Moz\u00e1rabe","description":"Descubre todo lo que puede ofrecerte Alcaracejos","potentialAction":[{"@type":"SearchAction","target":{"@type":"EntryPoint","urlTemplate":"https:\/\/alcaracejosmozarabe.com\/?s={search_term_string}"},"query-input":{"@type":"PropertyValueSpecification","valueRequired":true,"valueName":"search_term_string"}}],"inLanguage":"en-US"}]}},"_links":{"self":[{"href":"https:\/\/alcaracejosmozarabe.com\/en\/wp-json\/wp\/v2\/pages\/6597","targetHints":{"allow":["GET"]}}],"collection":[{"href":"https:\/\/alcaracejosmozarabe.com\/en\/wp-json\/wp\/v2\/pages"}],"about":[{"href":"https:\/\/alcaracejosmozarabe.com\/en\/wp-json\/wp\/v2\/types\/page"}],"author":[{"embeddable":true,"href":"https:\/\/alcaracejosmozarabe.com\/en\/wp-json\/wp\/v2\/users\/1"}],"replies":[{"embeddable":true,"href":"https:\/\/alcaracejosmozarabe.com\/en\/wp-json\/wp\/v2\/comments?post=6597"}],"version-history":[{"count":3,"href":"https:\/\/alcaracejosmozarabe.com\/en\/wp-json\/wp\/v2\/pages\/6597\/revisions"}],"predecessor-version":[{"id":6706,"href":"https:\/\/alcaracejosmozarabe.com\/en\/wp-json\/wp\/v2\/pages\/6597\/revisions\/6706"}],"wp:attachment":[{"href":"https:\/\/alcaracejosmozarabe.com\/en\/wp-json\/wp\/v2\/media?parent=6597"}],"curies":[{"name":"wp","href":"https:\/\/api.w.org\/{rel}","templated":true}]}}