{"id":6582,"date":"2020-09-19T19:02:34","date_gmt":"2020-09-19T17:02:34","guid":{"rendered":"https:\/\/alcaracejosmozarabe.com\/aviso-legal\/"},"modified":"2022-08-12T11:14:12","modified_gmt":"2022-08-12T09:14:12","slug":"avis-juridique","status":"publish","type":"page","link":"https:\/\/alcaracejosmozarabe.com\/fr\/avis-juridique\/","title":{"rendered":"Avis juridique"},"content":{"rendered":"<style type=\"text\/css\"><\/style><h2>Mentions l\u00e9gales du domaine http:\/\/alcaracejosmozarabe.com<\/h2>\n<p>Afin de se conformer aux dispositions de la loi 34\/2002 du 11 juillet sur les services de la soci\u00e9t\u00e9 de l&rsquo;information et du commerce \u00e9lectronique (LSSICE), les donn\u00e9es g\u00e9n\u00e9rales d&rsquo;information du site www.alcaracejosmozarabe.com sont indiqu\u00e9es ci-dessous :<\/p>\n<p>Alcaracejos Moz\u00e1rabe est un nom commercial d\u00e9tenu par :<\/p>\n<p>Mairie d&rsquo;Alcaracejos (Propri\u00e9taire du nom commercial Alcaracejos Moz\u00e1rabe)<\/p>\n<p>ADRESSE\u00a0: PLAZA DE LOS PEDROCHES, 1 -14480 ALCARACEJOS (CORDOUE)<\/p>\n<p>CAF : P1400300H<\/p>\n<p>CONTACT : Ayuntamiento@alcaracejos.es<\/p>\n<h3>Utilisation du site Web<\/h3>\n<p>Le site Web est offert \u00e0 des fins d&rsquo;information de l&rsquo;entit\u00e9 indiqu\u00e9e dans la section pr\u00e9c\u00e9dente.<\/p>\n<p>Alcaracejos Moz\u00e1rabe, peut cesser de fournir les services d&rsquo;information et de commerce offerts sur ce site Web sans arbitrer aucune communication avec l&rsquo;utilisateur, ce qui n&rsquo;entra\u00eenera aucune obligation l\u00e9gale pour celui-ci ou des tiers.<\/p>\n<h3>Confidentialit\u00e9<\/h3>\n<p>Les informations qu&rsquo;Alcaracejos Moz\u00e1rabe peut collecter aupr\u00e8s des utilisateurs de ce site Web seront utilis\u00e9es exclusivement pour fournir des informations aux parties int\u00e9ress\u00e9es qui en font la demande, pour r\u00e9pondre \u00e0 autant de questions que l&rsquo;utilisateur juge appropri\u00e9es et pour ex\u00e9cuter les commandes commerciales qui pourraient survenir.<\/p>\n<p>Pour plus d&rsquo;informations, consultez notre <a href=\"https:\/\/alcaracejosmozarabe.com\/fr\/politique-de-confidentialite\/\">politique de confidentialit\u00e9<\/a>.<\/p>\n<h3>Propri\u00e9t\u00e9 intellectuelle<\/h3>\n<p>Alcaracejos Moz\u00e1rabe, seul ou en tant que cessionnaire, est titulaire de tous les droits de propri\u00e9t\u00e9 intellectuelle et industrielle des \u00e9l\u00e9ments qui composent ce site Web. Ainsi, tous les droits sont r\u00e9serv\u00e9s. Des comportements tels que la reproduction, la distribution et la communication publique sont express\u00e9ment interdits, y compris la m\u00e9thode de rendre le contenu de ce site Web totalement ou partiellement disponible \u00e0 des fins commerciales conform\u00e9ment aux articles 8 et 21 de la loi sur la propri\u00e9t\u00e9 intellectuelle.<\/p>\n<p>L&rsquo;utilisateur du web peut dans tous les cas visualiser les \u00e9l\u00e9ments et contenus de ce site et peut les imprimer, les stocker et m\u00eame les copier sur tout support, \u00e0 condition qu&rsquo;ils soient destin\u00e9s \u00e0 un usage strictement personnel et priv\u00e9.<\/p>\n<h3>Conditions d&rsquo;utilisation et responsabilit\u00e9<\/h3>\n<p>L&rsquo;utilisateur du site Alcaracejos Moz\u00e1rabe s&rsquo;engage \u00e0 utiliser ce site conform\u00e9ment \u00e0 la l\u00e9galit\u00e9, la morale et l&rsquo;ordre public.<\/p>\n<p>Nous pouvons sp\u00e9cifier ce comportement dans les comportements suivants que l&rsquo;utilisateur doit s&rsquo;abstenir d&rsquo;effectuer\u00a0:<\/p>\n<ol>\n<li>Utilisation non autoris\u00e9e ou frauduleuse du site Web.<\/li>\n<li>Tentative d&rsquo;acc\u00e8s non autoris\u00e9 par son propri\u00e9taire l\u00e9gitime.<\/li>\n<li>Toute utilisation du portail Web \u00e0 des fins illicites ou pr\u00e9judiciables \u00e0 des tiers ou avec l&rsquo;intention de nuire au site et au reste de ses utilisateurs.<\/li>\n<li>Produire des dommages aux syst\u00e8mes que ce site Web peut avoir install\u00e9s pour son fonctionnement.<\/li>\n<\/ol>\n<p>Le propri\u00e9taire d&rsquo;Alcaracejos Moz\u00e1rabe ne sera responsable que des contenus cr\u00e9\u00e9s et ajout\u00e9s par lui-m\u00eame, et non des liens qui pourraient \u00eatre incorpor\u00e9s par des tiers, ou des liens externes qui redirigent vers un autre site Web qui, bien s\u00fbr, ne contr\u00f4le pas leur alt\u00e9ration.<\/p>\n<p>Le propri\u00e9taire se r\u00e9serve le droit d&rsquo;apporter sans pr\u00e9avis autant de modifications qu&rsquo;il le juge opportun, tant \u00e0 son contenu qu&rsquo;aux services qu&rsquo;il propose. En outre, il se r\u00e9serve le droit d&rsquo;approuver ou de retirer le contenu qu&rsquo;il ne juge pas appropri\u00e9 ajout\u00e9 par des tiers.<\/p>\n<h3>L\u00e9gislation et juridiction applicable<\/h3>\n<p>Ce contrat sera r\u00e9gi par la l\u00e9gislation espagnole, qui sera applicable dans les mati\u00e8res non pr\u00e9vues dans le pr\u00e9sent contrat en termes d&rsquo;interpr\u00e9tation, de validit\u00e9 et d&rsquo;ex\u00e9cution. Dans les cas o\u00f9 la renonciation expresse \u00e0 la juridiction est valable, elle est d\u00e9sign\u00e9e pour les incidents d\u00e9coulant des tribunaux espagnols.<\/p>\n","protected":false},"excerpt":{"rendered":"<p>Mentions l\u00e9gales du domaine http:\/\/alcaracejosmozarabe.com Afin de se conformer aux dispositions de la loi 34\/2002 du 11 juillet sur les services de la soci\u00e9t\u00e9 de l&rsquo;information et du commerce \u00e9lectronique (LSSICE), les donn\u00e9es g\u00e9n\u00e9rales d&rsquo;information du site www.alcaracejosmozarabe.com sont indiqu\u00e9es ci-dessous : Alcaracejos Moz\u00e1rabe est un nom commercial d\u00e9tenu par : Mairie d&rsquo;Alcaracejos (Propri\u00e9taire du&#8230;<\/p>\n","protected":false},"author":1,"featured_media":0,"parent":0,"menu_order":0,"comment_status":"closed","ping_status":"closed","template":"","meta":{"_exactmetrics_skip_tracking":false,"_exactmetrics_sitenote_active":false,"_exactmetrics_sitenote_note":"","_exactmetrics_sitenote_category":0,"footnotes":""},"class_list":["post-6582","page","type-page","status-publish","hentry"],"yoast_head":"<!-- This site is optimized with the Yoast SEO plugin v26.7 - https:\/\/yoast.com\/wordpress\/plugins\/seo\/ -->\n<title>Avis juridique | Alcaracejos Moz\u00e1rabe<\/title>\n<meta name=\"robots\" content=\"index, follow, max-snippet:-1, max-image-preview:large, max-video-preview:-1\" \/>\n<link rel=\"canonical\" href=\"https:\/\/alcaracejosmozarabe.com\/fr\/avis-juridique\/\" \/>\n<meta property=\"og:locale\" content=\"fr_FR\" \/>\n<meta property=\"og:type\" content=\"article\" \/>\n<meta property=\"og:title\" content=\"Avis juridique | Alcaracejos Moz\u00e1rabe\" \/>\n<meta property=\"og:description\" content=\"Mentions l\u00e9gales du domaine http:\/\/alcaracejosmozarabe.com Afin de se conformer aux dispositions de la loi 34\/2002 du 11 juillet sur les services de la soci\u00e9t\u00e9 de l&rsquo;information et du commerce \u00e9lectronique (LSSICE), les donn\u00e9es g\u00e9n\u00e9rales d&rsquo;information du site www.alcaracejosmozarabe.com sont indiqu\u00e9es ci-dessous : Alcaracejos Moz\u00e1rabe est un nom commercial d\u00e9tenu par : Mairie d&rsquo;Alcaracejos (Propri\u00e9taire du...\" \/>\n<meta property=\"og:url\" content=\"https:\/\/alcaracejosmozarabe.com\/fr\/avis-juridique\/\" \/>\n<meta property=\"og:site_name\" content=\"Alcaracejos Moz\u00e1rabe\" \/>\n<meta property=\"article:modified_time\" content=\"2022-08-12T09:14:12+00:00\" \/>\n<meta name=\"twitter:card\" content=\"summary_large_image\" \/>\n<meta name=\"twitter:label1\" content=\"Dur\u00e9e de lecture estim\u00e9e\" \/>\n\t<meta name=\"twitter:data1\" content=\"3 minutes\" \/>\n<script type=\"application\/ld+json\" class=\"yoast-schema-graph\">{\"@context\":\"https:\/\/schema.org\",\"@graph\":[{\"@type\":\"WebPage\",\"@id\":\"https:\/\/alcaracejosmozarabe.com\/fr\/avis-juridique\/\",\"url\":\"https:\/\/alcaracejosmozarabe.com\/fr\/avis-juridique\/\",\"name\":\"Avis juridique | Alcaracejos Moz\u00e1rabe\",\"isPartOf\":{\"@id\":\"https:\/\/alcaracejosmozarabe.com\/#website\"},\"datePublished\":\"2020-09-19T17:02:34+00:00\",\"dateModified\":\"2022-08-12T09:14:12+00:00\",\"breadcrumb\":{\"@id\":\"https:\/\/alcaracejosmozarabe.com\/fr\/avis-juridique\/#breadcrumb\"},\"inLanguage\":\"fr-FR\",\"potentialAction\":[{\"@type\":\"ReadAction\",\"target\":[\"https:\/\/alcaracejosmozarabe.com\/fr\/avis-juridique\/\"]}]},{\"@type\":\"BreadcrumbList\",\"@id\":\"https:\/\/alcaracejosmozarabe.com\/fr\/avis-juridique\/#breadcrumb\",\"itemListElement\":[{\"@type\":\"ListItem\",\"position\":1,\"name\":\"Home\",\"item\":\"https:\/\/alcaracejosmozarabe.com\/fr\/\"},{\"@type\":\"ListItem\",\"position\":2,\"name\":\"Avis juridique\"}]},{\"@type\":\"WebSite\",\"@id\":\"https:\/\/alcaracejosmozarabe.com\/#website\",\"url\":\"https:\/\/alcaracejosmozarabe.com\/\",\"name\":\"Alcaracejos Moz\u00e1rabe\",\"description\":\"Descubre todo lo que puede ofrecerte Alcaracejos\",\"potentialAction\":[{\"@type\":\"SearchAction\",\"target\":{\"@type\":\"EntryPoint\",\"urlTemplate\":\"https:\/\/alcaracejosmozarabe.com\/?s={search_term_string}\"},\"query-input\":{\"@type\":\"PropertyValueSpecification\",\"valueRequired\":true,\"valueName\":\"search_term_string\"}}],\"inLanguage\":\"fr-FR\"}]}<\/script>\n<!-- \/ Yoast SEO plugin. -->","yoast_head_json":{"title":"Avis juridique | Alcaracejos Moz\u00e1rabe","robots":{"index":"index","follow":"follow","max-snippet":"max-snippet:-1","max-image-preview":"max-image-preview:large","max-video-preview":"max-video-preview:-1"},"canonical":"https:\/\/alcaracejosmozarabe.com\/fr\/avis-juridique\/","og_locale":"fr_FR","og_type":"article","og_title":"Avis juridique | Alcaracejos Moz\u00e1rabe","og_description":"Mentions l\u00e9gales du domaine http:\/\/alcaracejosmozarabe.com Afin de se conformer aux dispositions de la loi 34\/2002 du 11 juillet sur les services de la soci\u00e9t\u00e9 de l&rsquo;information et du commerce \u00e9lectronique (LSSICE), les donn\u00e9es g\u00e9n\u00e9rales d&rsquo;information du site www.alcaracejosmozarabe.com sont indiqu\u00e9es ci-dessous : Alcaracejos Moz\u00e1rabe est un nom commercial d\u00e9tenu par : Mairie d&rsquo;Alcaracejos (Propri\u00e9taire du...","og_url":"https:\/\/alcaracejosmozarabe.com\/fr\/avis-juridique\/","og_site_name":"Alcaracejos Moz\u00e1rabe","article_modified_time":"2022-08-12T09:14:12+00:00","twitter_card":"summary_large_image","twitter_misc":{"Dur\u00e9e de lecture estim\u00e9e":"3 minutes"},"schema":{"@context":"https:\/\/schema.org","@graph":[{"@type":"WebPage","@id":"https:\/\/alcaracejosmozarabe.com\/fr\/avis-juridique\/","url":"https:\/\/alcaracejosmozarabe.com\/fr\/avis-juridique\/","name":"Avis juridique | Alcaracejos Moz\u00e1rabe","isPartOf":{"@id":"https:\/\/alcaracejosmozarabe.com\/#website"},"datePublished":"2020-09-19T17:02:34+00:00","dateModified":"2022-08-12T09:14:12+00:00","breadcrumb":{"@id":"https:\/\/alcaracejosmozarabe.com\/fr\/avis-juridique\/#breadcrumb"},"inLanguage":"fr-FR","potentialAction":[{"@type":"ReadAction","target":["https:\/\/alcaracejosmozarabe.com\/fr\/avis-juridique\/"]}]},{"@type":"BreadcrumbList","@id":"https:\/\/alcaracejosmozarabe.com\/fr\/avis-juridique\/#breadcrumb","itemListElement":[{"@type":"ListItem","position":1,"name":"Home","item":"https:\/\/alcaracejosmozarabe.com\/fr\/"},{"@type":"ListItem","position":2,"name":"Avis juridique"}]},{"@type":"WebSite","@id":"https:\/\/alcaracejosmozarabe.com\/#website","url":"https:\/\/alcaracejosmozarabe.com\/","name":"Alcaracejos Moz\u00e1rabe","description":"Descubre todo lo que puede ofrecerte Alcaracejos","potentialAction":[{"@type":"SearchAction","target":{"@type":"EntryPoint","urlTemplate":"https:\/\/alcaracejosmozarabe.com\/?s={search_term_string}"},"query-input":{"@type":"PropertyValueSpecification","valueRequired":true,"valueName":"search_term_string"}}],"inLanguage":"fr-FR"}]}},"_links":{"self":[{"href":"https:\/\/alcaracejosmozarabe.com\/fr\/wp-json\/wp\/v2\/pages\/6582","targetHints":{"allow":["GET"]}}],"collection":[{"href":"https:\/\/alcaracejosmozarabe.com\/fr\/wp-json\/wp\/v2\/pages"}],"about":[{"href":"https:\/\/alcaracejosmozarabe.com\/fr\/wp-json\/wp\/v2\/types\/page"}],"author":[{"embeddable":true,"href":"https:\/\/alcaracejosmozarabe.com\/fr\/wp-json\/wp\/v2\/users\/1"}],"replies":[{"embeddable":true,"href":"https:\/\/alcaracejosmozarabe.com\/fr\/wp-json\/wp\/v2\/comments?post=6582"}],"version-history":[{"count":4,"href":"https:\/\/alcaracejosmozarabe.com\/fr\/wp-json\/wp\/v2\/pages\/6582\/revisions"}],"predecessor-version":[{"id":6870,"href":"https:\/\/alcaracejosmozarabe.com\/fr\/wp-json\/wp\/v2\/pages\/6582\/revisions\/6870"}],"wp:attachment":[{"href":"https:\/\/alcaracejosmozarabe.com\/fr\/wp-json\/wp\/v2\/media?parent=6582"}],"curies":[{"name":"wp","href":"https:\/\/api.w.org\/{rel}","templated":true}]}}