{"id":6588,"date":"2022-05-13T13:24:59","date_gmt":"2022-05-13T11:24:59","guid":{"rendered":"https:\/\/alcaracejosmozarabe.com\/concurso-de-fotografia\/"},"modified":"2022-08-11T13:40:46","modified_gmt":"2022-08-11T11:40:46","slug":"concours-de-photographie","status":"publish","type":"page","link":"https:\/\/alcaracejosmozarabe.com\/fr\/concours-de-photographie\/","title":{"rendered":"Concours de photographie"},"content":{"rendered":"<style type=\"text\/css\">\n#cmsmasters_button_69e248009ce3e7_34718099 { \n\ttext-align:center; \n} \n\n#cmsmasters_button_69e248009ce3e7_34718099 .cmsmasters_button:before { \n\tmargin-right:.5em; \n\tmargin-left:0; \n\tvertical-align:baseline; \n} \n\n#cmsmasters_button_69e248009ce3e7_34718099 .cmsmasters_button { \n\tfont-size:22px; \n\tfont-weight:bold; \n\tfont-style:normal; \n\tborder-style:solid; \n} \n#cmsmasters_button_69e248009ce3e7_34718099 .cmsmasters_button:hover { \n} \n\n#cmsmasters_button_69e248009ce8d9_90396141 { \n\ttext-align:center; \n} \n\n#cmsmasters_button_69e248009ce8d9_90396141 .cmsmasters_button:before { \n\tmargin-right:.5em; \n\tmargin-left:0; \n\tvertical-align:baseline; \n} \n\n#cmsmasters_button_69e248009ce8d9_90396141 .cmsmasters_button { \n\tfont-size:18px; \n\tfont-weight:normal; \n\tfont-style:normal; \n\tborder-style:solid; \n} \n#cmsmasters_button_69e248009ce8d9_90396141 .cmsmasters_button:hover { \n} \n<\/style><p><img loading=\"lazy\" decoding=\"async\" class=\"aligncenter size-full wp-image-6168\" src=\"https:\/\/alcaracejosmozarabe.com\/wp-content\/uploads\/2022\/05\/Concurso-fotos.jpg\" alt=\"\" width=\"2048\" height=\"458\" srcset=\"https:\/\/alcaracejosmozarabe.com\/wp-content\/uploads\/2022\/05\/Concurso-fotos.jpg 2048w, https:\/\/alcaracejosmozarabe.com\/wp-content\/uploads\/2022\/05\/Concurso-fotos-300x67.jpg 300w, https:\/\/alcaracejosmozarabe.com\/wp-content\/uploads\/2022\/05\/Concurso-fotos-1024x229.jpg 1024w, https:\/\/alcaracejosmozarabe.com\/wp-content\/uploads\/2022\/05\/Concurso-fotos-768x172.jpg 768w, https:\/\/alcaracejosmozarabe.com\/wp-content\/uploads\/2022\/05\/Concurso-fotos-1536x344.jpg 1536w, https:\/\/alcaracejosmozarabe.com\/wp-content\/uploads\/2022\/05\/Concurso-fotos-580x130.jpg 580w, https:\/\/alcaracejosmozarabe.com\/wp-content\/uploads\/2022\/05\/Concurso-fotos-860x192.jpg 860w, https:\/\/alcaracejosmozarabe.com\/wp-content\/uploads\/2022\/05\/Concurso-fotos-1160x259.jpg 1160w\" sizes=\"auto, (max-width: 2048px) 100vw, 2048px\" \/><\/p>\n<h2 style=\"text-align: center;\"><span style=\"color: #ff0000;\">CONCURSO FINALIZADO<\/span><\/h2>\n<p>Desde Alcaracejos Moz\u00e1rabe y el Ayuntamiento de Alcaracejos te invitamos a participar en el CONCURSO DE FOTOGRAF\u00cdA \u00ab\u00a0ALCARACEJOS MOZ\u00c1RABE\u00a0\u00bb.<\/p>\n<div class=\"fill_description gui_leveled_text_small_p hb_mainFontWeightLight\">\n<h2>\u00a1Sube tu foto y podr\u00e1s ganar un fant\u00e1stico <strong>LOTE DE PRODUCTOS IB\u00c9RICOS DE LOS PEDROCHES<\/strong>!<\/h2>\n<p>Tenemos un paisaje excepcional, pero esta primavera est\u00e1 siendo muy especial. Por ello, queremos premiar la creatividad de nuestros seguidores con un\u00a0<strong>concurso de fotograf\u00eda<\/strong>.<br \/>\n<strong>Haz una foto en el Camino Moz\u00e1rabe dentro del t\u00e9rmino de Alcaracejos. Ya sabes, entre el Guadalbarbo y nuestra localidad.<\/strong><br \/>\n<em>Incluye un referente del camino, carteles, flechas indicativas, hitos, etc\u2026<\/em><br \/>\nEl ganador se designar\u00e1 por votaci\u00f3n. La foto m\u00e1s votada, ganar\u00e1.<br \/>\nEl premio, como no pod\u00eda ser de otra manera, ser\u00e1 un fant\u00e1stico\u00a0<strong>LOTE DE PRODUCTOS IB\u00c9RICOS DE LOS PEDROCHES<\/strong>.<br \/>\n<strong>Plazo de participaci\u00f3n: hasta el 15 de junio a las 23:59 h.<\/strong><\/p>\n<p>\u2705 Para participar sigue estos pasos:<br \/>\n\u25b6\ufe0f\u00a0<strong>Reg\u00edstrate<\/strong> mediante el formulario.<\/p>\n<p>\ud83d\udcf7\u00a0<strong>Sube la foto<\/strong> con la que participas.<\/p>\n<p>\u27a1\ufe0f\u00a0<strong>Comparte<\/strong> tu foto con los amigos.<\/p>\n<p>\ud83d\uddd3\ufe0f Promoci\u00f3n v\u00e1lida hasta el 15 &#8211; 06 &#8211; 2022.<\/p>\n\n<div id=\"cmsmasters_button_69e248009ce3e7_34718099\" class=\"button_wrap\"><a href=\"https:\/\/a.cstmapp.com\/p\/938429\" class=\"cmsmasters_button cmsmasters_but_clear_styles cmsmasters_but_bg_hover cmsmasters-icon-thumbs-up-alt\" target=\"_blank\"><span>VER PARTICIPANTES<\/span><\/a><\/div>\n\n\n<div id=\"cmsmasters_button_69e248009ce8d9_90396141\" class=\"button_wrap\"><a href=\"https:\/\/a.cstmapp.com\/prizes\/938429\" class=\"cmsmasters_button cmsmasters_but_clear_styles cmsmasters_but_bg_hover cmsmasters-icon-edit\" target=\"_blank\"><span>GANADOR<\/span><\/a><\/div>\n\n<\/div>\n","protected":false},"excerpt":{"rendered":"<p>CONCURSO FINALIZADO Desde Alcaracejos Moz\u00e1rabe y el Ayuntamiento de Alcaracejos te invitamos a participar en el CONCURSO DE FOTOGRAF\u00cdA \u00ab\u00a0ALCARACEJOS MOZ\u00c1RABE\u00a0\u00bb. \u00a1Sube tu foto y podr\u00e1s ganar un fant\u00e1stico LOTE DE PRODUCTOS IB\u00c9RICOS DE LOS PEDROCHES! Tenemos un paisaje excepcional, pero esta primavera est\u00e1 siendo muy especial. Por ello, queremos premiar la creatividad de nuestros&#8230;<\/p>\n","protected":false},"author":1,"featured_media":0,"parent":0,"menu_order":0,"comment_status":"closed","ping_status":"closed","template":"","meta":{"_exactmetrics_skip_tracking":false,"_exactmetrics_sitenote_active":false,"_exactmetrics_sitenote_note":"","_exactmetrics_sitenote_category":0,"footnotes":""},"class_list":["post-6588","page","type-page","status-publish","hentry"],"yoast_head":"<!-- This site is optimized with the Yoast SEO plugin v26.7 - https:\/\/yoast.com\/wordpress\/plugins\/seo\/ -->\n<title>Concours de photographie | Alcaracejos Moz\u00e1rabe<\/title>\n<meta name=\"robots\" content=\"index, follow, max-snippet:-1, max-image-preview:large, max-video-preview:-1\" \/>\n<link rel=\"canonical\" href=\"https:\/\/alcaracejosmozarabe.com\/fr\/concours-de-photographie\/\" \/>\n<meta property=\"og:locale\" content=\"fr_FR\" \/>\n<meta property=\"og:type\" content=\"article\" \/>\n<meta property=\"og:title\" content=\"Concours de photographie | Alcaracejos Moz\u00e1rabe\" \/>\n<meta property=\"og:description\" content=\"CONCURSO FINALIZADO Desde Alcaracejos Moz\u00e1rabe y el Ayuntamiento de Alcaracejos te invitamos a participar en el CONCURSO DE FOTOGRAF\u00cdA \u00ab\u00a0ALCARACEJOS MOZ\u00c1RABE\u00a0\u00bb. \u00a1Sube tu foto y podr\u00e1s ganar un fant\u00e1stico LOTE DE PRODUCTOS IB\u00c9RICOS DE LOS PEDROCHES! Tenemos un paisaje excepcional, pero esta primavera est\u00e1 siendo muy especial. Por ello, queremos premiar la creatividad de nuestros...\" \/>\n<meta property=\"og:url\" content=\"https:\/\/alcaracejosmozarabe.com\/fr\/concours-de-photographie\/\" \/>\n<meta property=\"og:site_name\" content=\"Alcaracejos Moz\u00e1rabe\" \/>\n<meta property=\"article:modified_time\" content=\"2022-08-11T11:40:46+00:00\" \/>\n<meta property=\"og:image\" content=\"https:\/\/alcaracejosmozarabe.com\/wp-content\/uploads\/2022\/05\/Concurso-fotos.jpg\" \/>\n<meta name=\"twitter:card\" content=\"summary_large_image\" \/>\n<meta name=\"twitter:label1\" content=\"Dur\u00e9e de lecture estim\u00e9e\" \/>\n\t<meta name=\"twitter:data1\" content=\"2 minutes\" \/>\n<script type=\"application\/ld+json\" class=\"yoast-schema-graph\">{\"@context\":\"https:\/\/schema.org\",\"@graph\":[{\"@type\":\"WebPage\",\"@id\":\"https:\/\/alcaracejosmozarabe.com\/fr\/concours-de-photographie\/\",\"url\":\"https:\/\/alcaracejosmozarabe.com\/fr\/concours-de-photographie\/\",\"name\":\"Concours de photographie | Alcaracejos Moz\u00e1rabe\",\"isPartOf\":{\"@id\":\"https:\/\/alcaracejosmozarabe.com\/#website\"},\"primaryImageOfPage\":{\"@id\":\"https:\/\/alcaracejosmozarabe.com\/fr\/concours-de-photographie\/#primaryimage\"},\"image\":{\"@id\":\"https:\/\/alcaracejosmozarabe.com\/fr\/concours-de-photographie\/#primaryimage\"},\"thumbnailUrl\":\"https:\/\/alcaracejosmozarabe.com\/wp-content\/uploads\/2022\/05\/Concurso-fotos.jpg\",\"datePublished\":\"2022-05-13T11:24:59+00:00\",\"dateModified\":\"2022-08-11T11:40:46+00:00\",\"breadcrumb\":{\"@id\":\"https:\/\/alcaracejosmozarabe.com\/fr\/concours-de-photographie\/#breadcrumb\"},\"inLanguage\":\"fr-FR\",\"potentialAction\":[{\"@type\":\"ReadAction\",\"target\":[\"https:\/\/alcaracejosmozarabe.com\/fr\/concours-de-photographie\/\"]}]},{\"@type\":\"ImageObject\",\"inLanguage\":\"fr-FR\",\"@id\":\"https:\/\/alcaracejosmozarabe.com\/fr\/concours-de-photographie\/#primaryimage\",\"url\":\"https:\/\/alcaracejosmozarabe.com\/wp-content\/uploads\/2022\/05\/Concurso-fotos.jpg\",\"contentUrl\":\"https:\/\/alcaracejosmozarabe.com\/wp-content\/uploads\/2022\/05\/Concurso-fotos.jpg\"},{\"@type\":\"BreadcrumbList\",\"@id\":\"https:\/\/alcaracejosmozarabe.com\/fr\/concours-de-photographie\/#breadcrumb\",\"itemListElement\":[{\"@type\":\"ListItem\",\"position\":1,\"name\":\"Home\",\"item\":\"https:\/\/alcaracejosmozarabe.com\/fr\/\"},{\"@type\":\"ListItem\",\"position\":2,\"name\":\"Concours de photographie\"}]},{\"@type\":\"WebSite\",\"@id\":\"https:\/\/alcaracejosmozarabe.com\/#website\",\"url\":\"https:\/\/alcaracejosmozarabe.com\/\",\"name\":\"Alcaracejos Moz\u00e1rabe\",\"description\":\"Descubre todo lo que puede ofrecerte Alcaracejos\",\"potentialAction\":[{\"@type\":\"SearchAction\",\"target\":{\"@type\":\"EntryPoint\",\"urlTemplate\":\"https:\/\/alcaracejosmozarabe.com\/?s={search_term_string}\"},\"query-input\":{\"@type\":\"PropertyValueSpecification\",\"valueRequired\":true,\"valueName\":\"search_term_string\"}}],\"inLanguage\":\"fr-FR\"}]}<\/script>\n<!-- \/ Yoast SEO plugin. -->","yoast_head_json":{"title":"Concours de photographie | Alcaracejos Moz\u00e1rabe","robots":{"index":"index","follow":"follow","max-snippet":"max-snippet:-1","max-image-preview":"max-image-preview:large","max-video-preview":"max-video-preview:-1"},"canonical":"https:\/\/alcaracejosmozarabe.com\/fr\/concours-de-photographie\/","og_locale":"fr_FR","og_type":"article","og_title":"Concours de photographie | Alcaracejos Moz\u00e1rabe","og_description":"CONCURSO FINALIZADO Desde Alcaracejos Moz\u00e1rabe y el Ayuntamiento de Alcaracejos te invitamos a participar en el CONCURSO DE FOTOGRAF\u00cdA \u00ab\u00a0ALCARACEJOS MOZ\u00c1RABE\u00a0\u00bb. \u00a1Sube tu foto y podr\u00e1s ganar un fant\u00e1stico LOTE DE PRODUCTOS IB\u00c9RICOS DE LOS PEDROCHES! Tenemos un paisaje excepcional, pero esta primavera est\u00e1 siendo muy especial. Por ello, queremos premiar la creatividad de nuestros...","og_url":"https:\/\/alcaracejosmozarabe.com\/fr\/concours-de-photographie\/","og_site_name":"Alcaracejos Moz\u00e1rabe","article_modified_time":"2022-08-11T11:40:46+00:00","og_image":[{"url":"https:\/\/alcaracejosmozarabe.com\/wp-content\/uploads\/2022\/05\/Concurso-fotos.jpg","type":"","width":"","height":""}],"twitter_card":"summary_large_image","twitter_misc":{"Dur\u00e9e de lecture estim\u00e9e":"2 minutes"},"schema":{"@context":"https:\/\/schema.org","@graph":[{"@type":"WebPage","@id":"https:\/\/alcaracejosmozarabe.com\/fr\/concours-de-photographie\/","url":"https:\/\/alcaracejosmozarabe.com\/fr\/concours-de-photographie\/","name":"Concours de photographie | Alcaracejos Moz\u00e1rabe","isPartOf":{"@id":"https:\/\/alcaracejosmozarabe.com\/#website"},"primaryImageOfPage":{"@id":"https:\/\/alcaracejosmozarabe.com\/fr\/concours-de-photographie\/#primaryimage"},"image":{"@id":"https:\/\/alcaracejosmozarabe.com\/fr\/concours-de-photographie\/#primaryimage"},"thumbnailUrl":"https:\/\/alcaracejosmozarabe.com\/wp-content\/uploads\/2022\/05\/Concurso-fotos.jpg","datePublished":"2022-05-13T11:24:59+00:00","dateModified":"2022-08-11T11:40:46+00:00","breadcrumb":{"@id":"https:\/\/alcaracejosmozarabe.com\/fr\/concours-de-photographie\/#breadcrumb"},"inLanguage":"fr-FR","potentialAction":[{"@type":"ReadAction","target":["https:\/\/alcaracejosmozarabe.com\/fr\/concours-de-photographie\/"]}]},{"@type":"ImageObject","inLanguage":"fr-FR","@id":"https:\/\/alcaracejosmozarabe.com\/fr\/concours-de-photographie\/#primaryimage","url":"https:\/\/alcaracejosmozarabe.com\/wp-content\/uploads\/2022\/05\/Concurso-fotos.jpg","contentUrl":"https:\/\/alcaracejosmozarabe.com\/wp-content\/uploads\/2022\/05\/Concurso-fotos.jpg"},{"@type":"BreadcrumbList","@id":"https:\/\/alcaracejosmozarabe.com\/fr\/concours-de-photographie\/#breadcrumb","itemListElement":[{"@type":"ListItem","position":1,"name":"Home","item":"https:\/\/alcaracejosmozarabe.com\/fr\/"},{"@type":"ListItem","position":2,"name":"Concours de photographie"}]},{"@type":"WebSite","@id":"https:\/\/alcaracejosmozarabe.com\/#website","url":"https:\/\/alcaracejosmozarabe.com\/","name":"Alcaracejos Moz\u00e1rabe","description":"Descubre todo lo que puede ofrecerte Alcaracejos","potentialAction":[{"@type":"SearchAction","target":{"@type":"EntryPoint","urlTemplate":"https:\/\/alcaracejosmozarabe.com\/?s={search_term_string}"},"query-input":{"@type":"PropertyValueSpecification","valueRequired":true,"valueName":"search_term_string"}}],"inLanguage":"fr-FR"}]}},"_links":{"self":[{"href":"https:\/\/alcaracejosmozarabe.com\/fr\/wp-json\/wp\/v2\/pages\/6588","targetHints":{"allow":["GET"]}}],"collection":[{"href":"https:\/\/alcaracejosmozarabe.com\/fr\/wp-json\/wp\/v2\/pages"}],"about":[{"href":"https:\/\/alcaracejosmozarabe.com\/fr\/wp-json\/wp\/v2\/types\/page"}],"author":[{"embeddable":true,"href":"https:\/\/alcaracejosmozarabe.com\/fr\/wp-json\/wp\/v2\/users\/1"}],"replies":[{"embeddable":true,"href":"https:\/\/alcaracejosmozarabe.com\/fr\/wp-json\/wp\/v2\/comments?post=6588"}],"version-history":[{"count":2,"href":"https:\/\/alcaracejosmozarabe.com\/fr\/wp-json\/wp\/v2\/pages\/6588\/revisions"}],"predecessor-version":[{"id":6789,"href":"https:\/\/alcaracejosmozarabe.com\/fr\/wp-json\/wp\/v2\/pages\/6588\/revisions\/6789"}],"wp:attachment":[{"href":"https:\/\/alcaracejosmozarabe.com\/fr\/wp-json\/wp\/v2\/media?parent=6588"}],"curies":[{"name":"wp","href":"https:\/\/api.w.org\/{rel}","templated":true}]}}