{"id":6600,"date":"2015-08-21T09:14:33","date_gmt":"2015-08-21T07:14:33","guid":{"rendered":"https:\/\/alcaracejosmozarabe.com\/enlaces-interes\/"},"modified":"2022-08-12T11:06:34","modified_gmt":"2022-08-12T09:06:34","slug":"liens-d-interet","status":"publish","type":"page","link":"https:\/\/alcaracejosmozarabe.com\/fr\/liens-d-interet\/","title":{"rendered":"Liens d&rsquo;int\u00e9r\u00eat"},"content":{"rendered":"<style type=\"text\/css\"> \n#cmsmasters_row_69fd0b1e636800_26537793 .cmsmasters_row_outer_parent { \n\tpadding-top: 0px; \n} \n\n#cmsmasters_row_69fd0b1e636800_26537793 .cmsmasters_row_outer_parent { \n\tpadding-bottom: 50px; \n} \n\n \n#cmsmasters_divider_69fd0b1e637c72_90015371 { \n\tborder-bottom-width:0px; \n\tborder-bottom-style:solid; \n\tpadding-top:30px; \n\tmargin-bottom:30px; \n} \n \n#cmsmasters_row_69fd0b1e6399e0_88932430 .cmsmasters_row_outer_parent { \n\tpadding-top: 0px; \n} \n\n#cmsmasters_row_69fd0b1e6399e0_88932430 .cmsmasters_row_outer_parent { \n\tpadding-bottom: 30px; \n} \n\n \n#cmsmasters_icon_list_items_69fd0b1e63b5f5_73656147.cmsmasters_icon_list_items .cmsmasters_icon_list_item:before { \n\tleft:49.5px; \n\ttop:100px; \n} \n#cmsmasters_icon_list_items_69fd0b1e63b5f5_73656147.cmsmasters_icon_list_type_block .cmsmasters_icon_list_item:before { \n\twidth:1px; \n} \n\n#cmsmasters_icon_list_items_69fd0b1e63b5f5_73656147 .cmsmasters_icon_list_icon { \n\twidth:100px; \n\theight:100px; \n\t-webkit-border-radius:50%; \n\tborder-radius:50%; \n} \n\n#cmsmasters_icon_list_items_69fd0b1e63b5f5_73656147 .cmsmasters_icon_list_icon:before { \n\tfont-size:30px; \n\tline-height:100px; \n} \n\n#cmsmasters_icon_list_items_69fd0b1e63b5f5_73656147 .cmsmasters_icon_list_icon:after { \n\tborder-width:10px; \n\twidth:102px; \n\theight:102px; \n\t-webkit-border-radius:50%; \n\tborder-radius:50%; \n} \n\n.cmsmasters_icon_list_items.cmsmasters_color_type_border #cmsmasters_icon_list_item_69fd0b1e63c279_38229961:hover .cmsmasters_icon_list_icon:after { \n\tborder-color:transparent; \n\tborder-width:0; \n} \n\n.cmsmasters_icon_list_items.cmsmasters_color_type_border #cmsmasters_icon_list_item_69fd0b1e63c871_03631271:hover .cmsmasters_icon_list_icon:after { \n\tborder-color:transparent; \n\tborder-width:0; \n} \n\n.cmsmasters_icon_list_items.cmsmasters_color_type_border #cmsmasters_icon_list_item_69fd0b1e63cd68_01193338:hover .cmsmasters_icon_list_icon:after { \n\tborder-color:transparent; \n\tborder-width:0; \n} \n\n.cmsmasters_icon_list_items.cmsmasters_color_type_border #cmsmasters_icon_list_item_69fd0b1e63d217_34758230:hover .cmsmasters_icon_list_icon:after { \n\tborder-color:transparent; \n\tborder-width:0; \n} \n\n.cmsmasters_icon_list_items.cmsmasters_color_type_border #cmsmasters_icon_list_item_69fd0b1e63d687_38113977:hover .cmsmasters_icon_list_icon:after { \n\tborder-color:transparent; \n\tborder-width:0; \n} \n \n#cmsmasters_icon_list_items_69fd0b1e63e6a9_36359624.cmsmasters_icon_list_items .cmsmasters_icon_list_item:before { \n\tleft:49.5px; \n\ttop:100px; \n} \n#cmsmasters_icon_list_items_69fd0b1e63e6a9_36359624.cmsmasters_icon_list_type_block .cmsmasters_icon_list_item:before { \n\twidth:1px; \n} \n\n#cmsmasters_icon_list_items_69fd0b1e63e6a9_36359624 .cmsmasters_icon_list_icon { \n\twidth:100px; \n\theight:100px; \n\t-webkit-border-radius:50%; \n\tborder-radius:50%; \n} \n\n#cmsmasters_icon_list_items_69fd0b1e63e6a9_36359624 .cmsmasters_icon_list_icon:before { \n\tfont-size:30px; \n\tline-height:100px; \n} \n\n#cmsmasters_icon_list_items_69fd0b1e63e6a9_36359624 .cmsmasters_icon_list_icon:after { \n\tborder-width:10px; \n\twidth:102px; \n\theight:102px; \n\t-webkit-border-radius:50%; \n\tborder-radius:50%; \n} \n\n.cmsmasters_icon_list_items.cmsmasters_color_type_border #cmsmasters_icon_list_item_69fd0b1e63ec33_87523659:hover .cmsmasters_icon_list_icon:after { \n\tborder-color:transparent; \n\tborder-width:0; \n} \n\n.cmsmasters_icon_list_items.cmsmasters_color_type_border #cmsmasters_icon_list_item_69fd0b1e63f1b7_54186655:hover .cmsmasters_icon_list_icon:after { \n\tborder-color:transparent; \n\tborder-width:0; \n} \n\n.cmsmasters_icon_list_items.cmsmasters_color_type_border #cmsmasters_icon_list_item_69fd0b1e63f663_47313661:hover .cmsmasters_icon_list_icon:after { \n\tborder-color:transparent; \n\tborder-width:0; \n} \n\n.cmsmasters_icon_list_items.cmsmasters_color_type_border #cmsmasters_icon_list_item_69fd0b1e63fad9_30409225:hover .cmsmasters_icon_list_icon:after { \n\tborder-color:transparent; \n\tborder-width:0; \n} \n\n.cmsmasters_icon_list_items.cmsmasters_color_type_border #cmsmasters_icon_list_item_69fd0b1e63fec4_95638775:hover .cmsmasters_icon_list_icon:after { \n\tborder-color:transparent; \n\tborder-width:0; \n} \n \n#cmsmasters_row_69fd0b1e640666_91446863 .cmsmasters_row_outer_parent { \n\tpadding-top: 0px; \n} \n\n#cmsmasters_row_69fd0b1e640666_91446863 .cmsmasters_row_outer_parent { \n\tpadding-bottom: 30px; \n} \n\n \n#cmsmasters_divider_69fd0b1e6416c1_49351120 { \n\tborder-bottom-width:0px; \n\tborder-bottom-style:solid; \n\tpadding-top:30px; \n\tmargin-bottom:30px; \n} \n<\/style><div id=\"cmsmasters_row_69fd0b1e636800_26537793\" class=\"cmsmasters_row cmsmasters_color_scheme_default cmsmasters_row_top_default cmsmasters_row_bot_default cmsmasters_row_boxed\">\n<div class=\"cmsmasters_row_outer_parent\">\n<div class=\"cmsmasters_row_outer\">\n<div class=\"cmsmasters_row_inner\">\n<div class=\"cmsmasters_row_margin\">\n<div class=\"cmsmasters_column one_first\">\n\n<div id=\"cmsmasters_divider_69fd0b1e637c72_90015371\" class=\"cl\"><\/div>\n<div class=\"cmsmasters_text\">\n<h2>Liens d&rsquo;int\u00e9r\u00eat \u00e0 Alcaracejos<\/h2>\n<\/div>\n<\/div>\n<div class=\"cmsmasters_column one_first\">\n<\/div>\n<\/div>\n<\/div>\n<\/div>\n<\/div>\n<\/div>\n<div id=\"cmsmasters_row_69fd0b1e6399e0_88932430\" class=\"cmsmasters_row cmsmasters_color_scheme_default cmsmasters_row_top_default cmsmasters_row_bot_default cmsmasters_row_boxed\">\n<div class=\"cmsmasters_row_outer_parent\">\n<div class=\"cmsmasters_row_outer\">\n<div class=\"cmsmasters_row_inner\">\n<div class=\"cmsmasters_row_margin\">\n<div class=\"cmsmasters_column one_half\">\n \n<ul id=\"cmsmasters_icon_list_items_69fd0b1e63b5f5_73656147\" class=\"cmsmasters_icon_list_items cmsmasters_icon_list_type_block cmsmasters_icon_list_pos_left cmsmasters_color_type_border\"><li id=\"cmsmasters_icon_list_item_69fd0b1e63c279_38229961\" class=\"cmsmasters_icon_list_item\">\n<div class=\"cmsmasters_icon_list_item_inner\">\n<div class=\"cmsmasters_icon_list_icon_wrap\">\n<span class=\"cmsmasters_icon_list_icon cmsmasters-icon-edit\"><\/span>\n<\/div>\n<div class=\"cmsmasters_icon_list_item_content\">\n<h4 class=\"cmsmasters_icon_list_item_title\">Ayuntamiento de Alcaracejos<\/h4>\n<div class=\"cmsmasters_icon_list_item_text\">\n<p>Plaza de los Pedroches, 1<br \/>\n957156009<br \/>\n<a href=\"mailto:ayuntamiento@alcaracejos.es\">ayuntamiento@alcaracejos.es<\/a><br \/>\n<a href=\"https:\/\/alcaracejos.es\" target=\"_blank\" rel=\"noopener noreferrer\">www.alcaracejos.es<\/a><\/p>\n<\/div>\n<\/div>\n<\/div>\n<\/li><li id=\"cmsmasters_icon_list_item_69fd0b1e63c871_03631271\" class=\"cmsmasters_icon_list_item\">\n<div class=\"cmsmasters_icon_list_item_inner\">\n<div class=\"cmsmasters_icon_list_icon_wrap\">\n<span class=\"cmsmasters_icon_list_icon cmsmasters-icon-edit\"><\/span>\n<\/div>\n<div class=\"cmsmasters_icon_list_item_content\">\n<h4 class=\"cmsmasters_icon_list_item_title\">Biblioteca Municipal<\/h4>\n<div class=\"cmsmasters_icon_list_item_text\">\n<p>Virgen de Gu\u00eda, 25<br \/>\n957156423<br \/>\n<a href=\"mailto:bibliotecaalcaracejos@gmail.com\">bibliotecaalcaracejos@gmail.com<\/a><br \/>\n<a href=\"http:\/\/bibliotecaalcaracejos.blogspot.com\" target=\"_blank\" rel=\"noopener noreferrer\">http:\/\/bibliotecaalcaracejos.blogspot.com<\/a><\/p>\n<\/div>\n<\/div>\n<\/div>\n<\/li><li id=\"cmsmasters_icon_list_item_69fd0b1e63cd68_01193338\" class=\"cmsmasters_icon_list_item\">\n<div class=\"cmsmasters_icon_list_item_inner\">\n<div class=\"cmsmasters_icon_list_icon_wrap\">\n<span class=\"cmsmasters_icon_list_icon cmsmasters-icon-edit\"><\/span>\n<\/div>\n<div class=\"cmsmasters_icon_list_item_content\">\n<h4 class=\"cmsmasters_icon_list_item_title\">Centro Guadalinfo<\/h4>\n<div class=\"cmsmasters_icon_list_item_text\">\n<p>El Viso, 2<br \/>\n957156384<br \/>\n<a href=\"mailto:guadalinfo@gmail.com\">guadalinfo@gmail.com<\/a><br \/>\n<a href=\"http:\/\/www.guadalinfo.es\/web\/centro-alcaracejos\" target=\"_blank\" rel=\"noopener noreferrer\">http:\/\/www.guadalinfo.es\/web\/centro-alcaracejos<\/a><\/p>\n<\/div>\n<\/div>\n<\/div>\n<\/li><li id=\"cmsmasters_icon_list_item_69fd0b1e63d217_34758230\" class=\"cmsmasters_icon_list_item\">\n<div class=\"cmsmasters_icon_list_item_inner\">\n<div class=\"cmsmasters_icon_list_icon_wrap\">\n<span class=\"cmsmasters_icon_list_icon cmsmasters-icon-edit\"><\/span>\n<\/div>\n<div class=\"cmsmasters_icon_list_item_content\">\n<h4 class=\"cmsmasters_icon_list_item_title\">Centro Termal Los Pedroches<\/h4>\n<div class=\"cmsmasters_icon_list_item_text\">\n<p>Pozoblanco, 37<br \/>\n609403017<br \/>\n<a href=\"mailto:info@centrotermalpedroches.com\">info@centrotermalpedroches.com<\/a><br \/>\n<a href=\"http:\/\/www.centrotermalpedroches.com\" target=\"_blank\" rel=\"noopener noreferrer\">http:\/\/www.centrotermalpedroches.com<\/a><\/p>\n<\/div>\n<\/div>\n<\/div>\n<\/li><li id=\"cmsmasters_icon_list_item_69fd0b1e63d687_38113977\" class=\"cmsmasters_icon_list_item\">\n<div class=\"cmsmasters_icon_list_item_inner\">\n<div class=\"cmsmasters_icon_list_icon_wrap\">\n<span class=\"cmsmasters_icon_list_icon cmsmasters-icon-edit\"><\/span>\n<\/div>\n<div class=\"cmsmasters_icon_list_item_content\">\n<h4 class=\"cmsmasters_icon_list_item_title\">Mancomunidad de Municipios de Los Pedroches<\/h4>\n<div class=\"cmsmasters_icon_list_item_text\">\n<p>Pozoblanco, 4<br \/>\n957774010<br \/>\n<a href=\"mailto:mancomunidad@lospedroches.org\">mancomunidad@lospedroches.org<\/a><br \/>\n<a href=\"https:\/\/www.lospedroches.org\" target=\"_blank\" rel=\"noopener noreferrer\">https:\/\/www.lospedroches.org<\/a><\/p>\n<\/div>\n<\/div>\n<\/div>\n<\/li><\/ul>\n<\/div>\n<div class=\"cmsmasters_column one_half\">\n \n<ul id=\"cmsmasters_icon_list_items_69fd0b1e63e6a9_36359624\" class=\"cmsmasters_icon_list_items cmsmasters_icon_list_type_block cmsmasters_icon_list_pos_left cmsmasters_color_type_border\"><li id=\"cmsmasters_icon_list_item_69fd0b1e63ec33_87523659\" class=\"cmsmasters_icon_list_item\">\n<div class=\"cmsmasters_icon_list_item_inner\">\n<div class=\"cmsmasters_icon_list_icon_wrap\">\n<span class=\"cmsmasters_icon_list_icon cmsmasters-icon-edit\"><\/span>\n<\/div>\n<div class=\"cmsmasters_icon_list_item_content\">\n<h4 class=\"cmsmasters_icon_list_item_title\">Central de Reservas Los Pedroches<\/h4>\n<div class=\"cmsmasters_icon_list_item_text\">\n<p>675283698<br \/>\n<a href=\"mailto:info@reservalospedroches.com\">info@reservalospedroches.com<\/a><br \/>\n<a href=\"https:\/\/cietlospedroches.es\/reservas-los-pedroches\/\" target=\"_blank\" rel=\"noopener noreferrer\">https:\/\/cietlospedroches.es\/reservas-los-pedroches\/<\/a><\/p>\n<\/div>\n<\/div>\n<\/div>\n<\/li><li id=\"cmsmasters_icon_list_item_69fd0b1e63f1b7_54186655\" class=\"cmsmasters_icon_list_item\">\n<div class=\"cmsmasters_icon_list_item_inner\">\n<div class=\"cmsmasters_icon_list_icon_wrap\">\n<span class=\"cmsmasters_icon_list_icon cmsmasters-icon-edit\"><\/span>\n<\/div>\n<div class=\"cmsmasters_icon_list_item_content\">\n<h4 class=\"cmsmasters_icon_list_item_title\">CIET Los Pedroches \/ Oficina Comarcal de Turismo<\/h4>\n<div class=\"cmsmasters_icon_list_item_text\">\n<p>Calle Pozoblanco, s\/n<br \/>\n<a href=\"mailto:info@cietlospedroches.com\">info@cietlospedroches.com<\/a><br \/>\n<a href=\"https:\/\/www.cietlospedroches.es\" target=\"_blank\" rel=\"noopener noreferrer\">www.cietlospedroches.es<\/a><br \/>\n957156102<\/p>\n<\/div>\n<\/div>\n<\/div>\n<\/li><li id=\"cmsmasters_icon_list_item_69fd0b1e63f663_47313661\" class=\"cmsmasters_icon_list_item\">\n<div class=\"cmsmasters_icon_list_item_inner\">\n<div class=\"cmsmasters_icon_list_icon_wrap\">\n<span class=\"cmsmasters_icon_list_icon cmsmasters-icon-edit\"><\/span>\n<\/div>\n<div class=\"cmsmasters_icon_list_item_content\">\n<h4 class=\"cmsmasters_icon_list_item_title\">Museo de la Matanza \/ Visitas Tur\u00edsticas<\/h4>\n<div class=\"cmsmasters_icon_list_item_text\">\n<p>Capit\u00e1n Ferrer Morales, 4<br \/>\n609142013<br \/>\n<a href=\"mailto:reservasturismoalcaracejos@gmail.com\">reservasturismoalcaracejos@gmail.com<\/a><br \/>\n<a href=\"https:\/\/alcaracejos.es\/museo-de-la-matanza\" target=\"_blank\" rel=\"noopener noreferrer\">https:\/\/alcaracejos.es\/museo-de-la-matanza<\/a><\/p>\n<\/div>\n<\/div>\n<\/div>\n<\/li><li id=\"cmsmasters_icon_list_item_69fd0b1e63fad9_30409225\" class=\"cmsmasters_icon_list_item\">\n<div class=\"cmsmasters_icon_list_item_inner\">\n<div class=\"cmsmasters_icon_list_icon_wrap\">\n<span class=\"cmsmasters_icon_list_icon cmsmasters-icon-edit\"><\/span>\n<\/div>\n<div class=\"cmsmasters_icon_list_item_content\">\n<h4 class=\"cmsmasters_icon_list_item_title\">Parroquia de San Andr\u00e9s<\/h4>\n<div class=\"cmsmasters_icon_list_item_text\">\n<p>Plaza de la Iglesia, s\/n<br \/>\n957156390<\/p>\n<\/div>\n<\/div>\n<\/div>\n<\/li><li id=\"cmsmasters_icon_list_item_69fd0b1e63fec4_95638775\" class=\"cmsmasters_icon_list_item\">\n<div class=\"cmsmasters_icon_list_item_inner\">\n<div class=\"cmsmasters_icon_list_icon_wrap\">\n<span class=\"cmsmasters_icon_list_icon cmsmasters-icon-edit\"><\/span>\n<\/div>\n<div class=\"cmsmasters_icon_list_item_content\">\n<h4 class=\"cmsmasters_icon_list_item_title\">Casa del Peregrino de Alcaracejos<\/h4>\n<div class=\"cmsmasters_icon_list_item_text\">\n<p>Alf\u00e9rez Fern\u00e1ndez P\u00e9rez, 75<br \/>\n678 91 70 40<\/p>\n<\/div>\n<\/div>\n<\/div>\n<\/li><\/ul>\n<\/div>\n<\/div>\n<\/div>\n<\/div>\n<\/div>\n<\/div>\n<div id=\"cmsmasters_row_69fd0b1e640666_91446863\" class=\"cmsmasters_row cmsmasters_color_scheme_default cmsmasters_row_top_default cmsmasters_row_bot_default cmsmasters_row_boxed\">\n<div class=\"cmsmasters_row_outer_parent\">\n<div class=\"cmsmasters_row_outer\">\n<div class=\"cmsmasters_row_inner\">\n<div class=\"cmsmasters_row_margin\">\n<div class=\"cmsmasters_column one_first\">\n\n<div id=\"cmsmasters_divider_69fd0b1e6416c1_49351120\" class=\"cl\"><\/div>\n<\/div>\n<\/div>\n<\/div>\n<\/div>\n<\/div>\n<\/div>\n\n","protected":false},"excerpt":{"rendered":"","protected":false},"author":1,"featured_media":0,"parent":0,"menu_order":0,"comment_status":"closed","ping_status":"closed","template":"","meta":{"_exactmetrics_skip_tracking":false,"_exactmetrics_sitenote_active":false,"_exactmetrics_sitenote_note":"","_exactmetrics_sitenote_category":0,"footnotes":""},"class_list":["post-6600","page","type-page","status-publish","hentry"],"yoast_head":"<!-- This site is optimized with the Yoast SEO plugin v26.7 - https:\/\/yoast.com\/wordpress\/plugins\/seo\/ -->\n<title>Liens d&#039;int\u00e9r\u00eat | Alcaracejos Moz\u00e1rabe<\/title>\n<meta name=\"robots\" content=\"index, follow, max-snippet:-1, max-image-preview:large, max-video-preview:-1\" \/>\n<link rel=\"canonical\" href=\"https:\/\/alcaracejosmozarabe.com\/fr\/liens-d-interet\/\" \/>\n<meta property=\"og:locale\" content=\"fr_FR\" \/>\n<meta property=\"og:type\" content=\"article\" \/>\n<meta property=\"og:title\" content=\"Liens d&#039;int\u00e9r\u00eat | Alcaracejos Moz\u00e1rabe\" \/>\n<meta property=\"og:url\" content=\"https:\/\/alcaracejosmozarabe.com\/fr\/liens-d-interet\/\" \/>\n<meta property=\"og:site_name\" content=\"Alcaracejos Moz\u00e1rabe\" \/>\n<meta property=\"article:modified_time\" content=\"2022-08-12T09:06:34+00:00\" \/>\n<meta name=\"twitter:card\" content=\"summary_large_image\" \/>\n<meta name=\"twitter:label1\" content=\"Dur\u00e9e de lecture estim\u00e9e\" \/>\n\t<meta name=\"twitter:data1\" content=\"1 minute\" \/>\n<script type=\"application\/ld+json\" class=\"yoast-schema-graph\">{\"@context\":\"https:\/\/schema.org\",\"@graph\":[{\"@type\":\"WebPage\",\"@id\":\"https:\/\/alcaracejosmozarabe.com\/fr\/liens-d-interet\/\",\"url\":\"https:\/\/alcaracejosmozarabe.com\/fr\/liens-d-interet\/\",\"name\":\"Liens d'int\u00e9r\u00eat | Alcaracejos Moz\u00e1rabe\",\"isPartOf\":{\"@id\":\"https:\/\/alcaracejosmozarabe.com\/#website\"},\"datePublished\":\"2015-08-21T07:14:33+00:00\",\"dateModified\":\"2022-08-12T09:06:34+00:00\",\"breadcrumb\":{\"@id\":\"https:\/\/alcaracejosmozarabe.com\/fr\/liens-d-interet\/#breadcrumb\"},\"inLanguage\":\"fr-FR\",\"potentialAction\":[{\"@type\":\"ReadAction\",\"target\":[\"https:\/\/alcaracejosmozarabe.com\/fr\/liens-d-interet\/\"]}]},{\"@type\":\"BreadcrumbList\",\"@id\":\"https:\/\/alcaracejosmozarabe.com\/fr\/liens-d-interet\/#breadcrumb\",\"itemListElement\":[{\"@type\":\"ListItem\",\"position\":1,\"name\":\"Home\",\"item\":\"https:\/\/alcaracejosmozarabe.com\/fr\/\"},{\"@type\":\"ListItem\",\"position\":2,\"name\":\"Liens d&#8217;int\u00e9r\u00eat\"}]},{\"@type\":\"WebSite\",\"@id\":\"https:\/\/alcaracejosmozarabe.com\/#website\",\"url\":\"https:\/\/alcaracejosmozarabe.com\/\",\"name\":\"Alcaracejos Moz\u00e1rabe\",\"description\":\"Descubre todo lo que puede ofrecerte Alcaracejos\",\"potentialAction\":[{\"@type\":\"SearchAction\",\"target\":{\"@type\":\"EntryPoint\",\"urlTemplate\":\"https:\/\/alcaracejosmozarabe.com\/?s={search_term_string}\"},\"query-input\":{\"@type\":\"PropertyValueSpecification\",\"valueRequired\":true,\"valueName\":\"search_term_string\"}}],\"inLanguage\":\"fr-FR\"}]}<\/script>\n<!-- \/ Yoast SEO plugin. -->","yoast_head_json":{"title":"Liens d'int\u00e9r\u00eat | Alcaracejos Moz\u00e1rabe","robots":{"index":"index","follow":"follow","max-snippet":"max-snippet:-1","max-image-preview":"max-image-preview:large","max-video-preview":"max-video-preview:-1"},"canonical":"https:\/\/alcaracejosmozarabe.com\/fr\/liens-d-interet\/","og_locale":"fr_FR","og_type":"article","og_title":"Liens d'int\u00e9r\u00eat | Alcaracejos Moz\u00e1rabe","og_url":"https:\/\/alcaracejosmozarabe.com\/fr\/liens-d-interet\/","og_site_name":"Alcaracejos Moz\u00e1rabe","article_modified_time":"2022-08-12T09:06:34+00:00","twitter_card":"summary_large_image","twitter_misc":{"Dur\u00e9e de lecture estim\u00e9e":"1 minute"},"schema":{"@context":"https:\/\/schema.org","@graph":[{"@type":"WebPage","@id":"https:\/\/alcaracejosmozarabe.com\/fr\/liens-d-interet\/","url":"https:\/\/alcaracejosmozarabe.com\/fr\/liens-d-interet\/","name":"Liens d'int\u00e9r\u00eat | Alcaracejos Moz\u00e1rabe","isPartOf":{"@id":"https:\/\/alcaracejosmozarabe.com\/#website"},"datePublished":"2015-08-21T07:14:33+00:00","dateModified":"2022-08-12T09:06:34+00:00","breadcrumb":{"@id":"https:\/\/alcaracejosmozarabe.com\/fr\/liens-d-interet\/#breadcrumb"},"inLanguage":"fr-FR","potentialAction":[{"@type":"ReadAction","target":["https:\/\/alcaracejosmozarabe.com\/fr\/liens-d-interet\/"]}]},{"@type":"BreadcrumbList","@id":"https:\/\/alcaracejosmozarabe.com\/fr\/liens-d-interet\/#breadcrumb","itemListElement":[{"@type":"ListItem","position":1,"name":"Home","item":"https:\/\/alcaracejosmozarabe.com\/fr\/"},{"@type":"ListItem","position":2,"name":"Liens d&#8217;int\u00e9r\u00eat"}]},{"@type":"WebSite","@id":"https:\/\/alcaracejosmozarabe.com\/#website","url":"https:\/\/alcaracejosmozarabe.com\/","name":"Alcaracejos Moz\u00e1rabe","description":"Descubre todo lo que puede ofrecerte Alcaracejos","potentialAction":[{"@type":"SearchAction","target":{"@type":"EntryPoint","urlTemplate":"https:\/\/alcaracejosmozarabe.com\/?s={search_term_string}"},"query-input":{"@type":"PropertyValueSpecification","valueRequired":true,"valueName":"search_term_string"}}],"inLanguage":"fr-FR"}]}},"_links":{"self":[{"href":"https:\/\/alcaracejosmozarabe.com\/fr\/wp-json\/wp\/v2\/pages\/6600","targetHints":{"allow":["GET"]}}],"collection":[{"href":"https:\/\/alcaracejosmozarabe.com\/fr\/wp-json\/wp\/v2\/pages"}],"about":[{"href":"https:\/\/alcaracejosmozarabe.com\/fr\/wp-json\/wp\/v2\/types\/page"}],"author":[{"embeddable":true,"href":"https:\/\/alcaracejosmozarabe.com\/fr\/wp-json\/wp\/v2\/users\/1"}],"replies":[{"embeddable":true,"href":"https:\/\/alcaracejosmozarabe.com\/fr\/wp-json\/wp\/v2\/comments?post=6600"}],"version-history":[{"count":3,"href":"https:\/\/alcaracejosmozarabe.com\/fr\/wp-json\/wp\/v2\/pages\/6600\/revisions"}],"predecessor-version":[{"id":6866,"href":"https:\/\/alcaracejosmozarabe.com\/fr\/wp-json\/wp\/v2\/pages\/6600\/revisions\/6866"}],"wp:attachment":[{"href":"https:\/\/alcaracejosmozarabe.com\/fr\/wp-json\/wp\/v2\/media?parent=6600"}],"curies":[{"name":"wp","href":"https:\/\/api.w.org\/{rel}","templated":true}]}}