{"id":6612,"date":"2022-05-18T09:59:03","date_gmt":"2022-05-18T07:59:03","guid":{"rendered":"https:\/\/alcaracejosmozarabe.com\/guia-resumida\/"},"modified":"2022-08-10T17:14:36","modified_gmt":"2022-08-10T15:14:36","slug":"guide-recapitulatif","status":"publish","type":"page","link":"https:\/\/alcaracejosmozarabe.com\/fr\/guide-recapitulatif\/","title":{"rendered":"Guide r\u00e9capitulatif"},"content":{"rendered":"<style type=\"text\/css\"> \n#cmsmasters_row_69fd0b1dcf3ee0_87086343 .cmsmasters_row_outer_parent { \n\tpadding-top: 0px; \n} \n\n#cmsmasters_row_69fd0b1dcf3ee0_87086343 .cmsmasters_row_outer_parent { \n\tpadding-bottom: 50px; \n} \n\n \n#cmsmasters_divider_69fd0b1dcf55c2_87716872 { \n\tborder-bottom-width:0px; \n\tborder-bottom-style:solid; \n\tpadding-top:50px; \n\tmargin-bottom:50px; \n} \n\r\n\t\t\t#cmsmasters_gallery_69fd0b1dcf62b .cmsmasters_gallery {\r\n\t\t\t\tmargin:0 0 0 -30px;\r\n\t\t\t}\r\n\t\t\t\r\n\t\t\t#cmsmasters_gallery_69fd0b1dcf62b .cmsmasters_gallery .cmsmasters_gallery_item {\r\n\t\t\t\tpadding:0 0 30px 30px;\r\n\t\t\t}\r\n\t\t<\/style><div id=\"cmsmasters_row_69fd0b1dcf3ee0_87086343\" class=\"cmsmasters_row cmsmasters_color_scheme_default cmsmasters_row_top_default cmsmasters_row_bot_default cmsmasters_row_boxed\">\n<div class=\"cmsmasters_row_outer_parent\">\n<div class=\"cmsmasters_row_outer\">\n<div class=\"cmsmasters_row_inner\">\n<div class=\"cmsmasters_row_margin\">\n<div class=\"cmsmasters_column one_first\">\n\n<div id=\"cmsmasters_divider_69fd0b1dcf55c2_87716872\" class=\"cl\"><\/div>\n<div id=\"cmsmasters_gallery_69fd0b1dcf62b\" class=\"cmsmasters_gallery_wrap\"><ul class=\"cmsmasters_gallery cmsmasters_2 cmsmasters_more_items_loader\"><li class=\"cmsmasters_gallery_item\"><figure><a href=\"https:\/\/alcaracejosmozarabe.com\/wp-content\/uploads\/2020\/09\/panel-10.jpg\" rel=\"ilightbox[69fd0b1dcf62b]\"><img loading=\"lazy\" decoding=\"async\" width=\"1500\" height=\"1049\" src=\"https:\/\/alcaracejosmozarabe.com\/wp-content\/uploads\/2020\/09\/panel-10.jpg\" class=\"attachment-full size-full\" alt=\"\" srcset=\"https:\/\/alcaracejosmozarabe.com\/wp-content\/uploads\/2020\/09\/panel-10.jpg 1500w, https:\/\/alcaracejosmozarabe.com\/wp-content\/uploads\/2020\/09\/panel-10-300x210.jpg 300w, https:\/\/alcaracejosmozarabe.com\/wp-content\/uploads\/2020\/09\/panel-10-1024x716.jpg 1024w, https:\/\/alcaracejosmozarabe.com\/wp-content\/uploads\/2020\/09\/panel-10-768x537.jpg 768w, https:\/\/alcaracejosmozarabe.com\/wp-content\/uploads\/2020\/09\/panel-10-580x406.jpg 580w, https:\/\/alcaracejosmozarabe.com\/wp-content\/uploads\/2020\/09\/panel-10-860x601.jpg 860w, https:\/\/alcaracejosmozarabe.com\/wp-content\/uploads\/2020\/09\/panel-10-1160x811.jpg 1160w\" sizes=\"auto, (max-width: 1500px) 100vw, 1500px\" \/><\/a><\/figure><\/li><li class=\"cmsmasters_gallery_item\"><figure><a href=\"https:\/\/alcaracejosmozarabe.com\/wp-content\/uploads\/2020\/09\/panel-9.jpg\" rel=\"ilightbox[69fd0b1dcf62b]\"><img loading=\"lazy\" decoding=\"async\" width=\"1500\" height=\"1049\" src=\"https:\/\/alcaracejosmozarabe.com\/wp-content\/uploads\/2020\/09\/panel-9.jpg\" class=\"attachment-full size-full\" alt=\"\" srcset=\"https:\/\/alcaracejosmozarabe.com\/wp-content\/uploads\/2020\/09\/panel-9.jpg 1500w, https:\/\/alcaracejosmozarabe.com\/wp-content\/uploads\/2020\/09\/panel-9-300x210.jpg 300w, https:\/\/alcaracejosmozarabe.com\/wp-content\/uploads\/2020\/09\/panel-9-1024x716.jpg 1024w, https:\/\/alcaracejosmozarabe.com\/wp-content\/uploads\/2020\/09\/panel-9-768x537.jpg 768w, https:\/\/alcaracejosmozarabe.com\/wp-content\/uploads\/2020\/09\/panel-9-580x406.jpg 580w, https:\/\/alcaracejosmozarabe.com\/wp-content\/uploads\/2020\/09\/panel-9-860x601.jpg 860w, https:\/\/alcaracejosmozarabe.com\/wp-content\/uploads\/2020\/09\/panel-9-1160x811.jpg 1160w\" sizes=\"auto, (max-width: 1500px) 100vw, 1500px\" \/><\/a><\/figure><\/li><li class=\"cmsmasters_gallery_item\"><figure><a href=\"https:\/\/alcaracejosmozarabe.com\/wp-content\/uploads\/2020\/09\/panel-8.jpg\" rel=\"ilightbox[69fd0b1dcf62b]\"><img loading=\"lazy\" decoding=\"async\" width=\"1500\" height=\"1049\" src=\"https:\/\/alcaracejosmozarabe.com\/wp-content\/uploads\/2020\/09\/panel-8.jpg\" class=\"attachment-full size-full\" alt=\"\" srcset=\"https:\/\/alcaracejosmozarabe.com\/wp-content\/uploads\/2020\/09\/panel-8.jpg 1500w, https:\/\/alcaracejosmozarabe.com\/wp-content\/uploads\/2020\/09\/panel-8-300x210.jpg 300w, https:\/\/alcaracejosmozarabe.com\/wp-content\/uploads\/2020\/09\/panel-8-1024x716.jpg 1024w, https:\/\/alcaracejosmozarabe.com\/wp-content\/uploads\/2020\/09\/panel-8-768x537.jpg 768w, https:\/\/alcaracejosmozarabe.com\/wp-content\/uploads\/2020\/09\/panel-8-580x406.jpg 580w, https:\/\/alcaracejosmozarabe.com\/wp-content\/uploads\/2020\/09\/panel-8-860x601.jpg 860w, https:\/\/alcaracejosmozarabe.com\/wp-content\/uploads\/2020\/09\/panel-8-1160x811.jpg 1160w\" sizes=\"auto, (max-width: 1500px) 100vw, 1500px\" \/><\/a><\/figure><\/li><li class=\"cmsmasters_gallery_item\"><figure><a href=\"https:\/\/alcaracejosmozarabe.com\/wp-content\/uploads\/2020\/09\/panel-7.jpg\" rel=\"ilightbox[69fd0b1dcf62b]\"><img loading=\"lazy\" decoding=\"async\" width=\"1500\" height=\"1049\" src=\"https:\/\/alcaracejosmozarabe.com\/wp-content\/uploads\/2020\/09\/panel-7.jpg\" class=\"attachment-full size-full\" alt=\"\" srcset=\"https:\/\/alcaracejosmozarabe.com\/wp-content\/uploads\/2020\/09\/panel-7.jpg 1500w, https:\/\/alcaracejosmozarabe.com\/wp-content\/uploads\/2020\/09\/panel-7-300x210.jpg 300w, https:\/\/alcaracejosmozarabe.com\/wp-content\/uploads\/2020\/09\/panel-7-1024x716.jpg 1024w, https:\/\/alcaracejosmozarabe.com\/wp-content\/uploads\/2020\/09\/panel-7-768x537.jpg 768w, https:\/\/alcaracejosmozarabe.com\/wp-content\/uploads\/2020\/09\/panel-7-580x406.jpg 580w, https:\/\/alcaracejosmozarabe.com\/wp-content\/uploads\/2020\/09\/panel-7-860x601.jpg 860w, https:\/\/alcaracejosmozarabe.com\/wp-content\/uploads\/2020\/09\/panel-7-1160x811.jpg 1160w\" sizes=\"auto, (max-width: 1500px) 100vw, 1500px\" \/><\/a><\/figure><\/li><li class=\"cmsmasters_gallery_item\"><figure><a href=\"https:\/\/alcaracejosmozarabe.com\/wp-content\/uploads\/2020\/09\/panel-6.jpg\" rel=\"ilightbox[69fd0b1dcf62b]\"><img loading=\"lazy\" decoding=\"async\" width=\"1500\" height=\"1049\" src=\"https:\/\/alcaracejosmozarabe.com\/wp-content\/uploads\/2020\/09\/panel-6.jpg\" class=\"attachment-full size-full\" alt=\"\" srcset=\"https:\/\/alcaracejosmozarabe.com\/wp-content\/uploads\/2020\/09\/panel-6.jpg 1500w, https:\/\/alcaracejosmozarabe.com\/wp-content\/uploads\/2020\/09\/panel-6-300x210.jpg 300w, https:\/\/alcaracejosmozarabe.com\/wp-content\/uploads\/2020\/09\/panel-6-1024x716.jpg 1024w, https:\/\/alcaracejosmozarabe.com\/wp-content\/uploads\/2020\/09\/panel-6-768x537.jpg 768w, https:\/\/alcaracejosmozarabe.com\/wp-content\/uploads\/2020\/09\/panel-6-580x406.jpg 580w, https:\/\/alcaracejosmozarabe.com\/wp-content\/uploads\/2020\/09\/panel-6-860x601.jpg 860w, https:\/\/alcaracejosmozarabe.com\/wp-content\/uploads\/2020\/09\/panel-6-1160x811.jpg 1160w\" sizes=\"auto, (max-width: 1500px) 100vw, 1500px\" \/><\/a><\/figure><\/li><li class=\"cmsmasters_gallery_item\"><figure><a href=\"https:\/\/alcaracejosmozarabe.com\/wp-content\/uploads\/2020\/09\/panel-5.jpg\" rel=\"ilightbox[69fd0b1dcf62b]\"><img loading=\"lazy\" decoding=\"async\" width=\"1500\" height=\"1049\" src=\"https:\/\/alcaracejosmozarabe.com\/wp-content\/uploads\/2020\/09\/panel-5.jpg\" class=\"attachment-full size-full\" alt=\"\" srcset=\"https:\/\/alcaracejosmozarabe.com\/wp-content\/uploads\/2020\/09\/panel-5.jpg 1500w, https:\/\/alcaracejosmozarabe.com\/wp-content\/uploads\/2020\/09\/panel-5-300x210.jpg 300w, https:\/\/alcaracejosmozarabe.com\/wp-content\/uploads\/2020\/09\/panel-5-1024x716.jpg 1024w, https:\/\/alcaracejosmozarabe.com\/wp-content\/uploads\/2020\/09\/panel-5-768x537.jpg 768w, https:\/\/alcaracejosmozarabe.com\/wp-content\/uploads\/2020\/09\/panel-5-580x406.jpg 580w, https:\/\/alcaracejosmozarabe.com\/wp-content\/uploads\/2020\/09\/panel-5-860x601.jpg 860w, https:\/\/alcaracejosmozarabe.com\/wp-content\/uploads\/2020\/09\/panel-5-1160x811.jpg 1160w\" sizes=\"auto, (max-width: 1500px) 100vw, 1500px\" \/><\/a><\/figure><\/li><li class=\"cmsmasters_gallery_item\"><figure><a href=\"https:\/\/alcaracejosmozarabe.com\/wp-content\/uploads\/2020\/09\/panel-4.jpg\" rel=\"ilightbox[69fd0b1dcf62b]\"><img loading=\"lazy\" decoding=\"async\" width=\"1500\" height=\"1049\" src=\"https:\/\/alcaracejosmozarabe.com\/wp-content\/uploads\/2020\/09\/panel-4.jpg\" class=\"attachment-full size-full\" alt=\"\" srcset=\"https:\/\/alcaracejosmozarabe.com\/wp-content\/uploads\/2020\/09\/panel-4.jpg 1500w, https:\/\/alcaracejosmozarabe.com\/wp-content\/uploads\/2020\/09\/panel-4-300x210.jpg 300w, https:\/\/alcaracejosmozarabe.com\/wp-content\/uploads\/2020\/09\/panel-4-1024x716.jpg 1024w, https:\/\/alcaracejosmozarabe.com\/wp-content\/uploads\/2020\/09\/panel-4-768x537.jpg 768w, https:\/\/alcaracejosmozarabe.com\/wp-content\/uploads\/2020\/09\/panel-4-580x406.jpg 580w, https:\/\/alcaracejosmozarabe.com\/wp-content\/uploads\/2020\/09\/panel-4-860x601.jpg 860w, https:\/\/alcaracejosmozarabe.com\/wp-content\/uploads\/2020\/09\/panel-4-1160x811.jpg 1160w\" sizes=\"auto, (max-width: 1500px) 100vw, 1500px\" \/><\/a><\/figure><\/li><li class=\"cmsmasters_gallery_item\"><figure><a href=\"https:\/\/alcaracejosmozarabe.com\/wp-content\/uploads\/2020\/09\/panel-3.jpg\" rel=\"ilightbox[69fd0b1dcf62b]\"><img loading=\"lazy\" decoding=\"async\" width=\"1500\" height=\"1049\" src=\"https:\/\/alcaracejosmozarabe.com\/wp-content\/uploads\/2020\/09\/panel-3.jpg\" class=\"attachment-full size-full\" alt=\"\" srcset=\"https:\/\/alcaracejosmozarabe.com\/wp-content\/uploads\/2020\/09\/panel-3.jpg 1500w, https:\/\/alcaracejosmozarabe.com\/wp-content\/uploads\/2020\/09\/panel-3-300x210.jpg 300w, https:\/\/alcaracejosmozarabe.com\/wp-content\/uploads\/2020\/09\/panel-3-1024x716.jpg 1024w, https:\/\/alcaracejosmozarabe.com\/wp-content\/uploads\/2020\/09\/panel-3-768x537.jpg 768w, https:\/\/alcaracejosmozarabe.com\/wp-content\/uploads\/2020\/09\/panel-3-580x406.jpg 580w, https:\/\/alcaracejosmozarabe.com\/wp-content\/uploads\/2020\/09\/panel-3-860x601.jpg 860w, https:\/\/alcaracejosmozarabe.com\/wp-content\/uploads\/2020\/09\/panel-3-1160x811.jpg 1160w\" sizes=\"auto, (max-width: 1500px) 100vw, 1500px\" \/><\/a><\/figure><\/li><li class=\"cmsmasters_gallery_item\"><figure><a href=\"https:\/\/alcaracejosmozarabe.com\/wp-content\/uploads\/2020\/09\/panel-2.jpg\" rel=\"ilightbox[69fd0b1dcf62b]\"><img loading=\"lazy\" decoding=\"async\" width=\"1500\" height=\"1049\" src=\"https:\/\/alcaracejosmozarabe.com\/wp-content\/uploads\/2020\/09\/panel-2.jpg\" class=\"attachment-full size-full\" alt=\"\" srcset=\"https:\/\/alcaracejosmozarabe.com\/wp-content\/uploads\/2020\/09\/panel-2.jpg 1500w, https:\/\/alcaracejosmozarabe.com\/wp-content\/uploads\/2020\/09\/panel-2-300x210.jpg 300w, https:\/\/alcaracejosmozarabe.com\/wp-content\/uploads\/2020\/09\/panel-2-1024x716.jpg 1024w, https:\/\/alcaracejosmozarabe.com\/wp-content\/uploads\/2020\/09\/panel-2-768x537.jpg 768w, https:\/\/alcaracejosmozarabe.com\/wp-content\/uploads\/2020\/09\/panel-2-580x406.jpg 580w, https:\/\/alcaracejosmozarabe.com\/wp-content\/uploads\/2020\/09\/panel-2-860x601.jpg 860w, https:\/\/alcaracejosmozarabe.com\/wp-content\/uploads\/2020\/09\/panel-2-1160x811.jpg 1160w\" sizes=\"auto, (max-width: 1500px) 100vw, 1500px\" \/><\/a><\/figure><\/li><li class=\"cmsmasters_gallery_item\"><figure><a href=\"https:\/\/alcaracejosmozarabe.com\/wp-content\/uploads\/2020\/09\/panel-1.jpg\" rel=\"ilightbox[69fd0b1dcf62b]\"><img loading=\"lazy\" decoding=\"async\" width=\"1500\" height=\"1049\" src=\"https:\/\/alcaracejosmozarabe.com\/wp-content\/uploads\/2020\/09\/panel-1.jpg\" class=\"attachment-full size-full\" alt=\"\" srcset=\"https:\/\/alcaracejosmozarabe.com\/wp-content\/uploads\/2020\/09\/panel-1.jpg 1500w, https:\/\/alcaracejosmozarabe.com\/wp-content\/uploads\/2020\/09\/panel-1-300x210.jpg 300w, https:\/\/alcaracejosmozarabe.com\/wp-content\/uploads\/2020\/09\/panel-1-1024x716.jpg 1024w, https:\/\/alcaracejosmozarabe.com\/wp-content\/uploads\/2020\/09\/panel-1-768x537.jpg 768w, https:\/\/alcaracejosmozarabe.com\/wp-content\/uploads\/2020\/09\/panel-1-580x406.jpg 580w, https:\/\/alcaracejosmozarabe.com\/wp-content\/uploads\/2020\/09\/panel-1-860x601.jpg 860w, https:\/\/alcaracejosmozarabe.com\/wp-content\/uploads\/2020\/09\/panel-1-1160x811.jpg 1160w\" sizes=\"auto, (max-width: 1500px) 100vw, 1500px\" \/><\/a><\/figure><\/li><li class=\"cmsmasters_gallery_item\"><figure><a href=\"https:\/\/alcaracejosmozarabe.com\/wp-content\/uploads\/2020\/09\/Alcaracejos-Mozarabe-Mapa-mirador.jpg\" rel=\"ilightbox[69fd0b1dcf62b]\"><img loading=\"lazy\" decoding=\"async\" width=\"1210\" height=\"826\" src=\"https:\/\/alcaracejosmozarabe.com\/wp-content\/uploads\/2020\/09\/Alcaracejos-Mozarabe-Mapa-mirador.jpg\" class=\"attachment-full size-full\" alt=\"\" srcset=\"https:\/\/alcaracejosmozarabe.com\/wp-content\/uploads\/2020\/09\/Alcaracejos-Mozarabe-Mapa-mirador.jpg 1210w, https:\/\/alcaracejosmozarabe.com\/wp-content\/uploads\/2020\/09\/Alcaracejos-Mozarabe-Mapa-mirador-300x205.jpg 300w, https:\/\/alcaracejosmozarabe.com\/wp-content\/uploads\/2020\/09\/Alcaracejos-Mozarabe-Mapa-mirador-1024x699.jpg 1024w, https:\/\/alcaracejosmozarabe.com\/wp-content\/uploads\/2020\/09\/Alcaracejos-Mozarabe-Mapa-mirador-768x524.jpg 768w, https:\/\/alcaracejosmozarabe.com\/wp-content\/uploads\/2020\/09\/Alcaracejos-Mozarabe-Mapa-mirador-580x396.jpg 580w, https:\/\/alcaracejosmozarabe.com\/wp-content\/uploads\/2020\/09\/Alcaracejos-Mozarabe-Mapa-mirador-860x587.jpg 860w, https:\/\/alcaracejosmozarabe.com\/wp-content\/uploads\/2020\/09\/Alcaracejos-Mozarabe-Mapa-mirador-1160x792.jpg 1160w\" sizes=\"auto, (max-width: 1210px) 100vw, 1210px\" \/><\/a><\/figure><\/li><\/ul><script type=\"text\/javascript\">\r\n\t\t\tjQuery(document).ready(function () {\r\n\t\t\t\t(function ($) {\r\n\t\t\t\t\tif ($('#cmsmasters_gallery_69fd0b1dcf62b').find('.cmsmasters_gallery_item').length == '0') {\r\n\t\t\t\t\t\treturn false;\r\n\t\t\t\t\t}\r\n\t\t\t\t\t\r\n\t\t\t\t\t\r\n\t\t\t\t\tstartGallery( \r\n\t\t\t\t\t\t'69fd0b1dcf62b', \r\n\t\t\t\t\t\t'grid', \r\n\t\t\t\t\t\t'11', \r\n\t\t\t\t\t\t'false' \r\n\t\t\t\t\t);\r\n\t\t\t\t} )(jQuery);\r\n\t\t\t} );\r\n\t\t<\/script>\r\n\t\t<\/div>\n<\/div>\n<\/div>\n<\/div>\n<\/div>\n<\/div>\n<\/div>\n\n","protected":false},"excerpt":{"rendered":"","protected":false},"author":1,"featured_media":0,"parent":0,"menu_order":0,"comment_status":"closed","ping_status":"closed","template":"","meta":{"_exactmetrics_skip_tracking":false,"_exactmetrics_sitenote_active":false,"_exactmetrics_sitenote_note":"","_exactmetrics_sitenote_category":0,"footnotes":""},"class_list":["post-6612","page","type-page","status-publish","hentry"],"yoast_head":"<!-- This site is optimized with the Yoast SEO plugin v26.7 - https:\/\/yoast.com\/wordpress\/plugins\/seo\/ -->\n<title>Guide r\u00e9capitulatif | Alcaracejos Moz\u00e1rabe<\/title>\n<meta name=\"robots\" content=\"index, follow, max-snippet:-1, max-image-preview:large, max-video-preview:-1\" \/>\n<link rel=\"canonical\" href=\"https:\/\/alcaracejosmozarabe.com\/fr\/guide-recapitulatif\/\" \/>\n<meta property=\"og:locale\" content=\"fr_FR\" \/>\n<meta property=\"og:type\" content=\"article\" \/>\n<meta property=\"og:title\" content=\"Guide r\u00e9capitulatif | Alcaracejos Moz\u00e1rabe\" \/>\n<meta property=\"og:url\" content=\"https:\/\/alcaracejosmozarabe.com\/fr\/guide-recapitulatif\/\" \/>\n<meta property=\"og:site_name\" content=\"Alcaracejos Moz\u00e1rabe\" \/>\n<meta property=\"article:modified_time\" content=\"2022-08-10T15:14:36+00:00\" \/>\n<meta name=\"twitter:card\" content=\"summary_large_image\" \/>\n<meta name=\"twitter:label1\" content=\"Dur\u00e9e de lecture estim\u00e9e\" \/>\n\t<meta name=\"twitter:data1\" content=\"1 minute\" \/>\n<script type=\"application\/ld+json\" class=\"yoast-schema-graph\">{\"@context\":\"https:\/\/schema.org\",\"@graph\":[{\"@type\":\"WebPage\",\"@id\":\"https:\/\/alcaracejosmozarabe.com\/fr\/guide-recapitulatif\/\",\"url\":\"https:\/\/alcaracejosmozarabe.com\/fr\/guide-recapitulatif\/\",\"name\":\"Guide r\u00e9capitulatif | Alcaracejos Moz\u00e1rabe\",\"isPartOf\":{\"@id\":\"https:\/\/alcaracejosmozarabe.com\/#website\"},\"datePublished\":\"2022-05-18T07:59:03+00:00\",\"dateModified\":\"2022-08-10T15:14:36+00:00\",\"breadcrumb\":{\"@id\":\"https:\/\/alcaracejosmozarabe.com\/fr\/guide-recapitulatif\/#breadcrumb\"},\"inLanguage\":\"fr-FR\",\"potentialAction\":[{\"@type\":\"ReadAction\",\"target\":[\"https:\/\/alcaracejosmozarabe.com\/fr\/guide-recapitulatif\/\"]}]},{\"@type\":\"BreadcrumbList\",\"@id\":\"https:\/\/alcaracejosmozarabe.com\/fr\/guide-recapitulatif\/#breadcrumb\",\"itemListElement\":[{\"@type\":\"ListItem\",\"position\":1,\"name\":\"Home\",\"item\":\"https:\/\/alcaracejosmozarabe.com\/fr\/\"},{\"@type\":\"ListItem\",\"position\":2,\"name\":\"Guide r\u00e9capitulatif\"}]},{\"@type\":\"WebSite\",\"@id\":\"https:\/\/alcaracejosmozarabe.com\/#website\",\"url\":\"https:\/\/alcaracejosmozarabe.com\/\",\"name\":\"Alcaracejos Moz\u00e1rabe\",\"description\":\"Descubre todo lo que puede ofrecerte Alcaracejos\",\"potentialAction\":[{\"@type\":\"SearchAction\",\"target\":{\"@type\":\"EntryPoint\",\"urlTemplate\":\"https:\/\/alcaracejosmozarabe.com\/?s={search_term_string}\"},\"query-input\":{\"@type\":\"PropertyValueSpecification\",\"valueRequired\":true,\"valueName\":\"search_term_string\"}}],\"inLanguage\":\"fr-FR\"}]}<\/script>\n<!-- \/ Yoast SEO plugin. -->","yoast_head_json":{"title":"Guide r\u00e9capitulatif | Alcaracejos Moz\u00e1rabe","robots":{"index":"index","follow":"follow","max-snippet":"max-snippet:-1","max-image-preview":"max-image-preview:large","max-video-preview":"max-video-preview:-1"},"canonical":"https:\/\/alcaracejosmozarabe.com\/fr\/guide-recapitulatif\/","og_locale":"fr_FR","og_type":"article","og_title":"Guide r\u00e9capitulatif | Alcaracejos Moz\u00e1rabe","og_url":"https:\/\/alcaracejosmozarabe.com\/fr\/guide-recapitulatif\/","og_site_name":"Alcaracejos Moz\u00e1rabe","article_modified_time":"2022-08-10T15:14:36+00:00","twitter_card":"summary_large_image","twitter_misc":{"Dur\u00e9e de lecture estim\u00e9e":"1 minute"},"schema":{"@context":"https:\/\/schema.org","@graph":[{"@type":"WebPage","@id":"https:\/\/alcaracejosmozarabe.com\/fr\/guide-recapitulatif\/","url":"https:\/\/alcaracejosmozarabe.com\/fr\/guide-recapitulatif\/","name":"Guide r\u00e9capitulatif | Alcaracejos Moz\u00e1rabe","isPartOf":{"@id":"https:\/\/alcaracejosmozarabe.com\/#website"},"datePublished":"2022-05-18T07:59:03+00:00","dateModified":"2022-08-10T15:14:36+00:00","breadcrumb":{"@id":"https:\/\/alcaracejosmozarabe.com\/fr\/guide-recapitulatif\/#breadcrumb"},"inLanguage":"fr-FR","potentialAction":[{"@type":"ReadAction","target":["https:\/\/alcaracejosmozarabe.com\/fr\/guide-recapitulatif\/"]}]},{"@type":"BreadcrumbList","@id":"https:\/\/alcaracejosmozarabe.com\/fr\/guide-recapitulatif\/#breadcrumb","itemListElement":[{"@type":"ListItem","position":1,"name":"Home","item":"https:\/\/alcaracejosmozarabe.com\/fr\/"},{"@type":"ListItem","position":2,"name":"Guide r\u00e9capitulatif"}]},{"@type":"WebSite","@id":"https:\/\/alcaracejosmozarabe.com\/#website","url":"https:\/\/alcaracejosmozarabe.com\/","name":"Alcaracejos Moz\u00e1rabe","description":"Descubre todo lo que puede ofrecerte Alcaracejos","potentialAction":[{"@type":"SearchAction","target":{"@type":"EntryPoint","urlTemplate":"https:\/\/alcaracejosmozarabe.com\/?s={search_term_string}"},"query-input":{"@type":"PropertyValueSpecification","valueRequired":true,"valueName":"search_term_string"}}],"inLanguage":"fr-FR"}]}},"_links":{"self":[{"href":"https:\/\/alcaracejosmozarabe.com\/fr\/wp-json\/wp\/v2\/pages\/6612","targetHints":{"allow":["GET"]}}],"collection":[{"href":"https:\/\/alcaracejosmozarabe.com\/fr\/wp-json\/wp\/v2\/pages"}],"about":[{"href":"https:\/\/alcaracejosmozarabe.com\/fr\/wp-json\/wp\/v2\/types\/page"}],"author":[{"embeddable":true,"href":"https:\/\/alcaracejosmozarabe.com\/fr\/wp-json\/wp\/v2\/users\/1"}],"replies":[{"embeddable":true,"href":"https:\/\/alcaracejosmozarabe.com\/fr\/wp-json\/wp\/v2\/comments?post=6612"}],"version-history":[{"count":2,"href":"https:\/\/alcaracejosmozarabe.com\/fr\/wp-json\/wp\/v2\/pages\/6612\/revisions"}],"predecessor-version":[{"id":6700,"href":"https:\/\/alcaracejosmozarabe.com\/fr\/wp-json\/wp\/v2\/pages\/6612\/revisions\/6700"}],"wp:attachment":[{"href":"https:\/\/alcaracejosmozarabe.com\/fr\/wp-json\/wp\/v2\/media?parent=6612"}],"curies":[{"name":"wp","href":"https:\/\/api.w.org\/{rel}","templated":true}]}}