{"id":6621,"date":"2020-09-19T19:02:59","date_gmt":"2020-09-19T17:02:59","guid":{"rendered":"https:\/\/alcaracejosmozarabe.com\/politica-de-cookies\/"},"modified":"2022-08-12T11:26:32","modified_gmt":"2022-08-12T09:26:32","slug":"politique-de-cookies","status":"publish","type":"page","link":"https:\/\/alcaracejosmozarabe.com\/fr\/politique-de-cookies\/","title":{"rendered":"Politique de cookies"},"content":{"rendered":"<style type=\"text\/css\"><\/style><p><strong>POLITIQUE DE COOKIES D&rsquo;ALCARACEJOS MOZ\u00c1RABE<\/strong><\/p>\n<p>Conform\u00e9ment aux dispositions de la loi sur les services d&rsquo;information et le commerce \u00e9lectronique, et conform\u00e9ment \u00e0 la directive europ\u00e9enne 2009\/136\/CE, www.alcaracejosmozarabe.com proc\u00e8de \u00e0 vous informer de l&rsquo;utilisation des cookies, ainsi que vous fournir le consentir \u00e0 la poursuite de cette utilisation par le simple fait de continuer \u00e0 naviguer sur ce portail Web.<\/p>\n<p>Les cookies sont de petits fichiers qui sont t\u00e9l\u00e9charg\u00e9s et stock\u00e9s sur l&rsquo;ordinateur d&rsquo;un utilisateur lors de l&rsquo;acc\u00e8s \u00e0 certains sites Internet, afin de stocker des informations de navigation afin de faciliter celle-ci, de reconna\u00eetre l&rsquo;ordinateur, le navigateur&#8230; Ou de collecter des donn\u00e9es \u00e0 des fins statistiques.<\/p>\n<p>En aucun cas, les virus ou les syst\u00e8mes ne sont nuisibles \u00e0 l&rsquo;utilisateur.<\/p>\n<p><strong>TYPES DE COOKIES (source Agence espagnole de protection des donn\u00e9es)<\/strong><\/p>\n<p><strong>1.- Types de cookies selon l&rsquo;entit\u00e9 qui les g\u00e8re.<\/strong><\/p>\n<p>En fonction de l&rsquo;entit\u00e9 qui g\u00e8re l&rsquo;ordinateur ou le domaine \u00e0 partir duquel les cookies sont envoy\u00e9s et traite les donn\u00e9es obtenues, nous pouvons distinguer\u00a0:<\/p>\n<p>&#8211; <span style=\"text-decoration: underline;\">Cookies Propres:<\/span> Ce sont ceux qui sont envoy\u00e9s \u00e0 l&rsquo;\u00e9quipement terminal de l&rsquo;utilisateur depuis un ordinateur ou un domaine g\u00e9r\u00e9 par l&rsquo;\u00e9diteur lui-m\u00eame et \u00e0 partir duquel le service demand\u00e9 par l&rsquo;utilisateur est fourni.<\/p>\n<p>&#8211; <span style=\"text-decoration: underline;\">Cookies tiers:<\/span> ce sont ceux qui sont envoy\u00e9s \u00e0 l&rsquo;\u00e9quipement terminal de l&rsquo;utilisateur depuis un ordinateur ou un domaine qui n&rsquo;est pas g\u00e9r\u00e9 par l&rsquo;\u00e9diteur, mais par une autre entit\u00e9 qui traite les donn\u00e9es obtenues gr\u00e2ce aux cookies.<\/p>\n<p>Dans le cas o\u00f9 des cookies sont install\u00e9s \u00e0 partir d&rsquo;un ordinateur ou d&rsquo;un domaine g\u00e9r\u00e9 par l&rsquo;\u00e9diteur lui-m\u00eame mais que les informations collect\u00e9es par leur interm\u00e9diaire sont g\u00e9r\u00e9es par un tiers, ils ne peuvent \u00eatre consid\u00e9r\u00e9s comme des cookies propres.<\/p>\n<p><strong>2.- Types de cookies en fonction de la dur\u00e9e pendant laquelle ils restent activ\u00e9s<\/strong><\/p>\n<p>Selon la dur\u00e9e pendant laquelle ils restent activ\u00e9s dans l&rsquo;\u00e9quipement terminal, on peut distinguer :<\/p>\n<p>&#8211; <span style=\"text-decoration: underline;\">Cookies de session:<\/span> Il s&rsquo;agit d&rsquo;un type de cookies con\u00e7us pour collecter et stocker des donn\u00e9es pendant que l&rsquo;utilisateur acc\u00e8de \u00e0 une page Web.<\/p>\n<p>Ils sont g\u00e9n\u00e9ralement utilis\u00e9s pour stocker des informations qui ne sont int\u00e9ressantes \u00e0 conserver que pour la fourniture du service demand\u00e9 par l&rsquo;utilisateur en une seule fois (par exemple, une liste de produits achet\u00e9s).<\/p>\n<p>&#8211; C<span style=\"text-decoration: underline;\">ookies persistants:<\/span> Il s&rsquo;agit d&rsquo;un type de cookie dans lequel les donn\u00e9es sont encore stock\u00e9es dans le terminal et peuvent \u00eatre consult\u00e9es et trait\u00e9es pendant une dur\u00e9e d\u00e9finie par le responsable du cookie, et qui peut aller de quelques minutes \u00e0 plusieurs ann\u00e9es.<\/p>\n<p><strong>3.- Types de cookies selon leur finalit\u00e9<\/strong><\/p>\n<p>En fonction de la finalit\u00e9 pour laquelle les donn\u00e9es obtenues via les cookies sont trait\u00e9es, nous pouvons distinguer entre :<\/p>\n<p>&#8211; <span style=\"text-decoration: underline;\">Cookies techniques:<\/span> ce sont ceux qui permettent \u00e0 l&rsquo;utilisateur de naviguer sur une page Web, une plate-forme ou une application et d&rsquo;utiliser les diff\u00e9rentes options ou services qui y existent, comme, par exemple, le contr\u00f4le du trafic et de la communication des donn\u00e9es, l&rsquo;identification de la session, l&rsquo;acc\u00e8s parties \u00e0 acc\u00e8s restreint, m\u00e9moriser les \u00e9l\u00e9ments qui composent une commande, effectuer le processus d&rsquo;achat d&rsquo;une commande, effectuer la demande d&rsquo;inscription ou de participation \u00e0 un \u00e9v\u00e9nement, utiliser des \u00e9l\u00e9ments de s\u00e9curit\u00e9 lors de la navigation, stocker des contenus pour diffuser des vid\u00e9os ou du son ou partager des contenus par r\u00e9seaux sociaux.<\/p>\n<p>&#8211; <span style=\"text-decoration: underline;\">Cookies de personnalisation:<\/span> ce sont ceux qui permettent \u00e0 l&rsquo;utilisateur d&rsquo;acc\u00e9der au service avec certaines caract\u00e9ristiques g\u00e9n\u00e9rales pr\u00e9d\u00e9finies en fonction d&rsquo;une s\u00e9rie de crit\u00e8res dans le terminal de l&rsquo;utilisateur, tels que la langue, le type de navigateur via lequel vous acc\u00e9dez au service, les param\u00e8tres r\u00e9gionaux \u00e0 partir de o\u00f9 vous acc\u00e9dez au service, etc.<\/p>\n<p>&#8211; <span style=\"text-decoration: underline;\">Cookies d&rsquo;analyse:<\/span> ce sont ceux qui permettent \u00e0 la personne qui en est responsable de suivre et d&rsquo;analyser le comportement des utilisateurs des sites Web auxquels ils sont li\u00e9s. Les informations recueillies par ce type de cookies sont utilis\u00e9es pour mesurer l&rsquo;activit\u00e9 des sites, applications ou plateformes et pour cr\u00e9er des profils de navigation des utilisateurs desdits sites, applications et plateformes, afin d&rsquo;introduire des am\u00e9liorations en fonction de l&rsquo;analyse de l&rsquo;utilisation. donn\u00e9es faites par les utilisateurs du service.<\/p>\n<p><strong>COOKIES UTILIS\u00c9S PAR ALCARACEJOS MOZ\u00c1RABE<\/strong><\/p>\n<table>\n<tbody>\n<tr>\n<td width=\"141\">Cookie<\/td>\n<td width=\"293\">Fonction<\/td>\n<td width=\"132\">Propri\u00e9taire<\/td>\n<\/tr>\n<tr>\n<td width=\"141\">_ga<\/td>\n<td width=\"293\">Cookie analytique. Il est utilis\u00e9 pour diff\u00e9rencier les utilisateurs et les sessions. Le cookie est cr\u00e9\u00e9 lors du chargement de la biblioth\u00e8que javascript et il n&rsquo;y a pas de version pr\u00e9c\u00e9dente du cookie _ga. Le cookie est mis \u00e0 jour chaque fois que vous envoyez des donn\u00e9es \u00e0 Google Analytics.<\/p>\n<p>Dur\u00e9e 2 ans.<\/td>\n<td rowspan=\"2\" width=\"132\">Google Analytics est un<\/p>\n<p>outil qui aide<\/p>\n<p>aux propri\u00e9taires de<\/p>\n<p>sites Web pour mesurer comment<\/p>\n<p>les utilisateurs interagissent<\/p>\n<p>avec le contenu de<\/p>\n<p>place.<\/p>\n<p>Google Analytics, un<\/p>\n<p>service d&rsquo;analyse Web<\/p>\n<p>pr\u00eat\u00e9 par Google,<\/p>\n<p>Inc domicili\u00e9 \u00e0<\/p>\n<p>\u00c9tats-Unis avec<\/p>\n<p>si\u00e8ge en 1600<\/p>\n<p>promenade de l&rsquo;amphith\u00e9\u00e2tre,<\/p>\n<p>Vue sur la montagne,<\/p>\n<p>Californie 94043<\/p>\n<p>+ info: <a href=\"http:\/\/www.google.com\/intl\/es\/policies\/privacy\/\" target=\"_blank\" rel=\"noopener noreferrer\">http:\/\/www.google.com\/intl\/es\/policies\/privacy\/<\/a><\/td>\n<\/tr>\n<tr>\n<td width=\"141\">_gat<\/td>\n<td width=\"293\">Cookie analytique. Il est utilis\u00e9 pour diff\u00e9rencier les diff\u00e9rents objets de suivi cr\u00e9\u00e9s dans la session. Le cookie est cr\u00e9\u00e9 lors du chargement de la biblioth\u00e8que javascript et il n&rsquo;y a pas de version pr\u00e9c\u00e9dente du cookie _gat. Le cookie est mis \u00e0 jour chaque fois que vous envoyez des donn\u00e9es \u00e0 Google Analytics.<\/p>\n<p>Dur\u00e9e 10 minutes.<\/td>\n<\/tr>\n<tr>\n<td width=\"141\">GID<\/td>\n<td width=\"293\">Cookie de session, g\u00e9n\u00e9r\u00e9 par le site Web lui-m\u00eame, en raison de la combinaison de certains codes<\/td>\n<td width=\"132\">POSS\u00c9DER<\/td>\n<\/tr>\n<\/tbody>\n<\/table>\n<p>Alcaracejos Moz\u00e1rabe utilise ces cookies pour pouvoir compiler des statistiques anonymes de ses utilisateurs \u00e0 travers leurs visites. Dans le seul but d&rsquo;offrir une meilleure navigation et un meilleur service \u00e0 tous les utilisateurs qui acc\u00e8dent au site Web. En aucun cas les donn\u00e9es collect\u00e9es ne seront vendues ou mises \u00e0 la disposition de tiers.<\/p>\n<p><strong>REJET ET SUPPRESSION DES COOKIES<\/strong><\/p>\n<p>Si, malgr\u00e9 ces informations, l&rsquo;utilisateur n&rsquo;accepte pas qu&rsquo;elles soient install\u00e9es sur son ordinateur, il aura toujours la possibilit\u00e9 d&rsquo;essayer de naviguer depuis l&rsquo;option \u00ab\u00a0Navigation Incognito\u00a0\u00bb disponible dans les navigateurs les plus couramment utilis\u00e9s, ou de supprimer les cookies, selon le cas. navigateur, comme nous le fournissons ci-dessous\u00a0:<\/p>\n<p>\u2013 Google Chrome : Param\u00e8tres -&gt; Confidentialit\u00e9-&gt;Param\u00e8tres de contenu-&gt;Cookies.<\/p>\n<p>\u2013 Firefox : Pr\u00e9f\u00e9rences -&gt; Confidentialit\u00e9<\/p>\n<p>\u2013 Internet Explorer : Outils -&gt; Options Internet-&gt; Confidentialit\u00e9 -&gt; Avanc\u00e9<\/p>\n<p>\u2013 Safari : Pr\u00e9f\u00e9rences -&gt; Confidentialit\u00e9<\/p>\n","protected":false},"excerpt":{"rendered":"<p>POLITIQUE DE COOKIES D&rsquo;ALCARACEJOS MOZ\u00c1RABE Conform\u00e9ment aux dispositions de la loi sur les services d&rsquo;information et le commerce \u00e9lectronique, et conform\u00e9ment \u00e0 la directive europ\u00e9enne 2009\/136\/CE, www.alcaracejosmozarabe.com proc\u00e8de \u00e0 vous informer de l&rsquo;utilisation des cookies, ainsi que vous fournir le consentir \u00e0 la poursuite de cette utilisation par le simple fait de continuer \u00e0 naviguer&#8230;<\/p>\n","protected":false},"author":1,"featured_media":0,"parent":0,"menu_order":0,"comment_status":"closed","ping_status":"closed","template":"","meta":{"_exactmetrics_skip_tracking":false,"_exactmetrics_sitenote_active":false,"_exactmetrics_sitenote_note":"","_exactmetrics_sitenote_category":0,"footnotes":""},"class_list":["post-6621","page","type-page","status-publish","hentry"],"yoast_head":"<!-- This site is optimized with the Yoast SEO plugin v26.7 - https:\/\/yoast.com\/wordpress\/plugins\/seo\/ -->\n<title>Politique de cookies | Alcaracejos Moz\u00e1rabe<\/title>\n<meta name=\"robots\" content=\"index, follow, max-snippet:-1, max-image-preview:large, max-video-preview:-1\" \/>\n<link rel=\"canonical\" href=\"https:\/\/alcaracejosmozarabe.com\/fr\/politique-de-cookies\/\" \/>\n<meta property=\"og:locale\" content=\"fr_FR\" \/>\n<meta property=\"og:type\" content=\"article\" \/>\n<meta property=\"og:title\" content=\"Politique de cookies | Alcaracejos Moz\u00e1rabe\" \/>\n<meta property=\"og:description\" content=\"POLITIQUE DE COOKIES D&rsquo;ALCARACEJOS MOZ\u00c1RABE Conform\u00e9ment aux dispositions de la loi sur les services d&rsquo;information et le commerce \u00e9lectronique, et conform\u00e9ment \u00e0 la directive europ\u00e9enne 2009\/136\/CE, www.alcaracejosmozarabe.com proc\u00e8de \u00e0 vous informer de l&rsquo;utilisation des cookies, ainsi que vous fournir le consentir \u00e0 la poursuite de cette utilisation par le simple fait de continuer \u00e0 naviguer...\" \/>\n<meta property=\"og:url\" content=\"https:\/\/alcaracejosmozarabe.com\/fr\/politique-de-cookies\/\" \/>\n<meta property=\"og:site_name\" content=\"Alcaracejos Moz\u00e1rabe\" \/>\n<meta property=\"article:modified_time\" content=\"2022-08-12T09:26:32+00:00\" \/>\n<meta name=\"twitter:card\" content=\"summary_large_image\" \/>\n<meta name=\"twitter:label1\" content=\"Dur\u00e9e de lecture estim\u00e9e\" \/>\n\t<meta name=\"twitter:data1\" content=\"5 minutes\" \/>\n<script type=\"application\/ld+json\" class=\"yoast-schema-graph\">{\"@context\":\"https:\/\/schema.org\",\"@graph\":[{\"@type\":\"WebPage\",\"@id\":\"https:\/\/alcaracejosmozarabe.com\/fr\/politique-de-cookies\/\",\"url\":\"https:\/\/alcaracejosmozarabe.com\/fr\/politique-de-cookies\/\",\"name\":\"Politique de cookies | Alcaracejos Moz\u00e1rabe\",\"isPartOf\":{\"@id\":\"https:\/\/alcaracejosmozarabe.com\/#website\"},\"datePublished\":\"2020-09-19T17:02:59+00:00\",\"dateModified\":\"2022-08-12T09:26:32+00:00\",\"breadcrumb\":{\"@id\":\"https:\/\/alcaracejosmozarabe.com\/fr\/politique-de-cookies\/#breadcrumb\"},\"inLanguage\":\"fr-FR\",\"potentialAction\":[{\"@type\":\"ReadAction\",\"target\":[\"https:\/\/alcaracejosmozarabe.com\/fr\/politique-de-cookies\/\"]}]},{\"@type\":\"BreadcrumbList\",\"@id\":\"https:\/\/alcaracejosmozarabe.com\/fr\/politique-de-cookies\/#breadcrumb\",\"itemListElement\":[{\"@type\":\"ListItem\",\"position\":1,\"name\":\"Home\",\"item\":\"https:\/\/alcaracejosmozarabe.com\/fr\/\"},{\"@type\":\"ListItem\",\"position\":2,\"name\":\"Politique de cookies\"}]},{\"@type\":\"WebSite\",\"@id\":\"https:\/\/alcaracejosmozarabe.com\/#website\",\"url\":\"https:\/\/alcaracejosmozarabe.com\/\",\"name\":\"Alcaracejos Moz\u00e1rabe\",\"description\":\"Descubre todo lo que puede ofrecerte Alcaracejos\",\"potentialAction\":[{\"@type\":\"SearchAction\",\"target\":{\"@type\":\"EntryPoint\",\"urlTemplate\":\"https:\/\/alcaracejosmozarabe.com\/?s={search_term_string}\"},\"query-input\":{\"@type\":\"PropertyValueSpecification\",\"valueRequired\":true,\"valueName\":\"search_term_string\"}}],\"inLanguage\":\"fr-FR\"}]}<\/script>\n<!-- \/ Yoast SEO plugin. -->","yoast_head_json":{"title":"Politique de cookies | Alcaracejos Moz\u00e1rabe","robots":{"index":"index","follow":"follow","max-snippet":"max-snippet:-1","max-image-preview":"max-image-preview:large","max-video-preview":"max-video-preview:-1"},"canonical":"https:\/\/alcaracejosmozarabe.com\/fr\/politique-de-cookies\/","og_locale":"fr_FR","og_type":"article","og_title":"Politique de cookies | Alcaracejos Moz\u00e1rabe","og_description":"POLITIQUE DE COOKIES D&rsquo;ALCARACEJOS MOZ\u00c1RABE Conform\u00e9ment aux dispositions de la loi sur les services d&rsquo;information et le commerce \u00e9lectronique, et conform\u00e9ment \u00e0 la directive europ\u00e9enne 2009\/136\/CE, www.alcaracejosmozarabe.com proc\u00e8de \u00e0 vous informer de l&rsquo;utilisation des cookies, ainsi que vous fournir le consentir \u00e0 la poursuite de cette utilisation par le simple fait de continuer \u00e0 naviguer...","og_url":"https:\/\/alcaracejosmozarabe.com\/fr\/politique-de-cookies\/","og_site_name":"Alcaracejos Moz\u00e1rabe","article_modified_time":"2022-08-12T09:26:32+00:00","twitter_card":"summary_large_image","twitter_misc":{"Dur\u00e9e de lecture estim\u00e9e":"5 minutes"},"schema":{"@context":"https:\/\/schema.org","@graph":[{"@type":"WebPage","@id":"https:\/\/alcaracejosmozarabe.com\/fr\/politique-de-cookies\/","url":"https:\/\/alcaracejosmozarabe.com\/fr\/politique-de-cookies\/","name":"Politique de cookies | Alcaracejos Moz\u00e1rabe","isPartOf":{"@id":"https:\/\/alcaracejosmozarabe.com\/#website"},"datePublished":"2020-09-19T17:02:59+00:00","dateModified":"2022-08-12T09:26:32+00:00","breadcrumb":{"@id":"https:\/\/alcaracejosmozarabe.com\/fr\/politique-de-cookies\/#breadcrumb"},"inLanguage":"fr-FR","potentialAction":[{"@type":"ReadAction","target":["https:\/\/alcaracejosmozarabe.com\/fr\/politique-de-cookies\/"]}]},{"@type":"BreadcrumbList","@id":"https:\/\/alcaracejosmozarabe.com\/fr\/politique-de-cookies\/#breadcrumb","itemListElement":[{"@type":"ListItem","position":1,"name":"Home","item":"https:\/\/alcaracejosmozarabe.com\/fr\/"},{"@type":"ListItem","position":2,"name":"Politique de cookies"}]},{"@type":"WebSite","@id":"https:\/\/alcaracejosmozarabe.com\/#website","url":"https:\/\/alcaracejosmozarabe.com\/","name":"Alcaracejos Moz\u00e1rabe","description":"Descubre todo lo que puede ofrecerte Alcaracejos","potentialAction":[{"@type":"SearchAction","target":{"@type":"EntryPoint","urlTemplate":"https:\/\/alcaracejosmozarabe.com\/?s={search_term_string}"},"query-input":{"@type":"PropertyValueSpecification","valueRequired":true,"valueName":"search_term_string"}}],"inLanguage":"fr-FR"}]}},"_links":{"self":[{"href":"https:\/\/alcaracejosmozarabe.com\/fr\/wp-json\/wp\/v2\/pages\/6621","targetHints":{"allow":["GET"]}}],"collection":[{"href":"https:\/\/alcaracejosmozarabe.com\/fr\/wp-json\/wp\/v2\/pages"}],"about":[{"href":"https:\/\/alcaracejosmozarabe.com\/fr\/wp-json\/wp\/v2\/types\/page"}],"author":[{"embeddable":true,"href":"https:\/\/alcaracejosmozarabe.com\/fr\/wp-json\/wp\/v2\/users\/1"}],"replies":[{"embeddable":true,"href":"https:\/\/alcaracejosmozarabe.com\/fr\/wp-json\/wp\/v2\/comments?post=6621"}],"version-history":[{"count":4,"href":"https:\/\/alcaracejosmozarabe.com\/fr\/wp-json\/wp\/v2\/pages\/6621\/revisions"}],"predecessor-version":[{"id":6874,"href":"https:\/\/alcaracejosmozarabe.com\/fr\/wp-json\/wp\/v2\/pages\/6621\/revisions\/6874"}],"wp:attachment":[{"href":"https:\/\/alcaracejosmozarabe.com\/fr\/wp-json\/wp\/v2\/media?parent=6621"}],"curies":[{"name":"wp","href":"https:\/\/api.w.org\/{rel}","templated":true}]}}