{"id":6639,"date":"2022-08-10T11:24:40","date_gmt":"2022-08-10T09:24:40","guid":{"rendered":"https:\/\/alcaracejosmozarabe.com\/videos\/"},"modified":"2022-08-11T13:37:42","modified_gmt":"2022-08-11T11:37:42","slug":"videos","status":"publish","type":"page","link":"https:\/\/alcaracejosmozarabe.com\/fr\/videos\/","title":{"rendered":"Vid\u00e9os"},"content":{"rendered":"<style type=\"text\/css\"> \n#cmsmasters_row_69fd0f2bc95ba8_90165301 .cmsmasters_row_outer_parent { \n\tpadding-top: 0px; \n} \n\n#cmsmasters_row_69fd0f2bc95ba8_90165301 .cmsmasters_row_outer_parent { \n\tpadding-bottom: 30px; \n} \n\n \n#cmsmasters_divider_69fd0f2bc96f64_06184624 { \n\tborder-bottom-width:0px; \n\tborder-bottom-style:solid; \n\tpadding-top:30px; \n\tmargin-bottom:30px; \n} \n \n#cmsmasters_row_69fd0f2bc98cd4_73083486 .cmsmasters_row_outer_parent { \n\tpadding-top: 0px; \n} \n\n#cmsmasters_row_69fd0f2bc98cd4_73083486 .cmsmasters_row_outer_parent { \n\tpadding-bottom: 50px; \n} \n\n \n#cmsmasters_divider_69fd0f2bc9b301_17667673 { \n\tborder-bottom-width:0px; \n\tborder-bottom-style:solid; \n\tpadding-top:50px; \n\tmargin-bottom:50px; \n} \n \n#cmsmasters_divider_69fd0f2bc9bb77_99397141 { \n\tborder-bottom-width:0px; \n\tborder-bottom-style:solid; \n\tpadding-top:50px; \n\tmargin-bottom:50px; \n} \n \n#cmsmasters_divider_69fd0f2bc9c357_40969615 { \n\tborder-bottom-width:0px; \n\tborder-bottom-style:solid; \n\tpadding-top:50px; \n\tmargin-bottom:50px; \n} \n \n#cmsmasters_divider_69fd0f2bc9ca48_00376927 { \n\tborder-bottom-width:0px; \n\tborder-bottom-style:solid; \n\tpadding-top:50px; \n\tmargin-bottom:50px; \n} \n \n#cmsmasters_divider_69fd0f2bc9d0f2_79077881 { \n\tborder-bottom-width:0px; \n\tborder-bottom-style:solid; \n\tpadding-top:50px; \n\tmargin-bottom:50px; \n} \n \n#cmsmasters_divider_69fd0f2bc9d799_63353172 { \n\tborder-bottom-width:0px; \n\tborder-bottom-style:solid; \n\tpadding-top:50px; \n\tmargin-bottom:50px; \n} \n \n#cmsmasters_divider_69fd0f2bc9ded7_37679985 { \n\tborder-bottom-width:0px; \n\tborder-bottom-style:solid; \n\tpadding-top:50px; \n\tmargin-bottom:50px; \n} \n \n#cmsmasters_divider_69fd0f2bc9e545_01702675 { \n\tborder-bottom-width:0px; \n\tborder-bottom-style:solid; \n\tpadding-top:50px; \n\tmargin-bottom:50px; \n} \n \n#cmsmasters_divider_69fd0f2bc9f9d2_89087808 { \n\tborder-bottom-width:0px; \n\tborder-bottom-style:solid; \n\tpadding-top:50px; \n\tmargin-bottom:50px; \n} \n \n#cmsmasters_divider_69fd0f2bca01b0_80222252 { \n\tborder-bottom-width:0px; \n\tborder-bottom-style:solid; \n\tpadding-top:50px; \n\tmargin-bottom:50px; \n} \n \n#cmsmasters_divider_69fd0f2bca0896_35322651 { \n\tborder-bottom-width:0px; \n\tborder-bottom-style:solid; \n\tpadding-top:50px; \n\tmargin-bottom:50px; \n} \n \n#cmsmasters_divider_69fd0f2bca0f44_06424156 { \n\tborder-bottom-width:0px; \n\tborder-bottom-style:solid; \n\tpadding-top:50px; \n\tmargin-bottom:50px; \n} \n \n#cmsmasters_divider_69fd0f2bca15d4_38027435 { \n\tborder-bottom-width:0px; \n\tborder-bottom-style:solid; \n\tpadding-top:50px; \n\tmargin-bottom:50px; \n} \n \n#cmsmasters_divider_69fd0f2bca1c76_74940094 { \n\tborder-bottom-width:0px; \n\tborder-bottom-style:solid; \n\tpadding-top:50px; \n\tmargin-bottom:50px; \n} \n \n#cmsmasters_divider_69fd0f2bca22e2_78822279 { \n\tborder-bottom-width:0px; \n\tborder-bottom-style:solid; \n\tpadding-top:50px; \n\tmargin-bottom:50px; \n} \n<\/style><div id=\"cmsmasters_row_69fd0f2bc95ba8_90165301\" class=\"cmsmasters_row cmsmasters_color_scheme_default cmsmasters_row_top_default cmsmasters_row_bot_default cmsmasters_row_boxed\">\n<div class=\"cmsmasters_row_outer_parent\">\n<div class=\"cmsmasters_row_outer\">\n<div class=\"cmsmasters_row_inner\">\n<div class=\"cmsmasters_row_margin\">\n<div class=\"cmsmasters_column one_first\">\n\n<div id=\"cmsmasters_divider_69fd0f2bc96f64_06184624\" class=\"cl\"><\/div>\n<\/div>\n<\/div>\n<\/div>\n<\/div>\n<\/div>\n<\/div>\n<div id=\"cmsmasters_row_69fd0f2bc98cd4_73083486\" class=\"cmsmasters_row cmsmasters_color_scheme_default cmsmasters_row_top_default cmsmasters_row_bot_default cmsmasters_row_boxed\">\n<div class=\"cmsmasters_row_outer_parent\">\n<div class=\"cmsmasters_row_outer\">\n<div class=\"cmsmasters_row_inner\">\n<div class=\"cmsmasters_row_margin\">\n<div class=\"cmsmasters_column one_half\">\n<div class=\"cmsmasters_text\">\n<h2 style=\"text-align: center;\">Guadalbarbo y Cuzna<\/h2>\n<\/div>\n<div class=\"custom_html\">\n<iframe loading=\"lazy\" src=\"https:\/\/player.vimeo.com\/video\/738550108?h=e64c427080\" width=\"640\" height=\"360\" frameborder=\"0\" allow=\"autoplay; fullscreen; picture-in-picture\" allowfullscreen><\/iframe>\n<\/div>\n\n<div id=\"cmsmasters_divider_69fd0f2bc9b301_17667673\" class=\"cl\"><\/div>\n<div class=\"cmsmasters_text\">\n<h2 style=\"text-align: center;\">Dehesa y Ganader\u00eda<\/h2>\n<\/div>\n<div class=\"custom_html\">\n<iframe loading=\"lazy\" src=\"https:\/\/player.vimeo.com\/video\/738550205?h=a7d29f4c5b\" width=\"640\" height=\"360\" frameborder=\"0\" allow=\"autoplay; fullscreen; picture-in-picture\" allowfullscreen><\/iframe>\n<\/div>\n\n<div id=\"cmsmasters_divider_69fd0f2bc9bb77_99397141\" class=\"cl\"><\/div>\n<div class=\"cmsmasters_text\">\n<h2 style=\"text-align: center;\">La Matanza II<\/h2>\n<\/div>\n<div class=\"custom_html\">\n<iframe loading=\"lazy\" src=\"https:\/\/player.vimeo.com\/video\/738550295?h=9e677597e0\" width=\"640\" height=\"360\" frameborder=\"0\" allow=\"autoplay; fullscreen; picture-in-picture\" allowfullscreen><\/iframe>\n<\/div>\n\n<div id=\"cmsmasters_divider_69fd0f2bc9c357_40969615\" class=\"cl\"><\/div>\n<div class=\"cmsmasters_text\">\n<h2 style=\"text-align: center;\">Breve historia de Alcaracejos<\/h2>\n<\/div>\n<div class=\"custom_html\">\n<iframe loading=\"lazy\" src=\"https:\/\/player.vimeo.com\/video\/738550407?h=9041451e42\" width=\"640\" height=\"360\" frameborder=\"0\" allow=\"autoplay; fullscreen; picture-in-picture\" allowfullscreen><\/iframe>\n<\/div>\n\n<div id=\"cmsmasters_divider_69fd0f2bc9ca48_00376927\" class=\"cl\"><\/div>\n<div class=\"cmsmasters_text\">\n<h2 style=\"text-align: center;\">La Guerra Civil en Alcaracejos<\/h2>\n<\/div>\n<div class=\"custom_html\">\n<iframe loading=\"lazy\" src=\"https:\/\/player.vimeo.com\/video\/738550563?h=4b75bf00f2\" width=\"640\" height=\"360\" frameborder=\"0\" allow=\"autoplay; fullscreen; picture-in-picture\" allowfullscreen><\/iframe>\n<\/div>\n\n<div id=\"cmsmasters_divider_69fd0f2bc9d0f2_79077881\" class=\"cl\"><\/div>\n<div class=\"cmsmasters_text\">\n<h2 style=\"text-align: center;\">La Ca\u00f1ada Real Soriana<\/h2>\n<\/div>\n<div class=\"custom_html\">\n<iframe loading=\"lazy\" src=\"https:\/\/player.vimeo.com\/video\/738550763?h=e1dbee2a95\" width=\"640\" height=\"360\" frameborder=\"0\" allow=\"autoplay; fullscreen; picture-in-picture\" allowfullscreen><\/iframe>\n<\/div>\n\n<div id=\"cmsmasters_divider_69fd0f2bc9d799_63353172\" class=\"cl\"><\/div>\n<div class=\"cmsmasters_text\">\n<h2 style=\"text-align: center;\">La Miner\u00eda<\/h2>\n<\/div>\n<div class=\"custom_html\">\n<iframe loading=\"lazy\" src=\"https:\/\/player.vimeo.com\/video\/738550980?h=dde61f6813\" width=\"640\" height=\"360\" frameborder=\"0\" allow=\"autoplay; fullscreen; picture-in-picture\" allowfullscreen><\/iframe>\n<\/div>\n\n<div id=\"cmsmasters_divider_69fd0f2bc9ded7_37679985\" class=\"cl\"><\/div>\n<div class=\"cmsmasters_text\">\n<h2 style=\"text-align: center;\">El Centro Termal<\/h2>\n<\/div>\n<div class=\"custom_html\">\n<iframe loading=\"lazy\" src=\"https:\/\/player.vimeo.com\/video\/738551152?h=9a4dccd387\" width=\"640\" height=\"360\" frameborder=\"0\" allow=\"autoplay; fullscreen; picture-in-picture\" allowfullscreen><\/iframe>\n<\/div>\n\n<div id=\"cmsmasters_divider_69fd0f2bc9e545_01702675\" class=\"cl\"><\/div>\n<\/div>\n<div class=\"cmsmasters_column one_half\">\n<div class=\"cmsmasters_text\">\n<h2 style=\"text-align: center;\">Molinos del Cuzna<\/h2>\n<\/div>\n<div class=\"custom_html\">\n<iframe loading=\"lazy\" src=\"https:\/\/player.vimeo.com\/video\/738550172?h=1676eb6231\" width=\"640\" height=\"360\" frameborder=\"0\" allow=\"autoplay; fullscreen; picture-in-picture\" allowfullscreen><\/iframe>\n<\/div>\n\n<div id=\"cmsmasters_divider_69fd0f2bc9f9d2_89087808\" class=\"cl\"><\/div>\n<div class=\"cmsmasters_text\">\n<h2 style=\"text-align: center;\">La Matanza I<\/h2>\n<\/div>\n<div class=\"custom_html\">\n<iframe loading=\"lazy\" src=\"https:\/\/player.vimeo.com\/video\/738550242?h=8d9255be82\" width=\"640\" height=\"360\" frameborder=\"0\" allow=\"autoplay; fullscreen; picture-in-picture\" allowfullscreen><\/iframe>\n<\/div>\n\n<div id=\"cmsmasters_divider_69fd0f2bca01b0_80222252\" class=\"cl\"><\/div>\n<div class=\"cmsmasters_text\">\n<h2 style=\"text-align: center;\">La Matanza III<\/h2>\n<\/div>\n<div class=\"custom_html\">\n<iframe loading=\"lazy\" src=\"https:\/\/player.vimeo.com\/video\/738550363?h=74f09a80eb\" width=\"640\" height=\"360\" frameborder=\"0\" allow=\"autoplay; fullscreen; picture-in-picture\" allowfullscreen><\/iframe>\n<\/div>\n\n<div id=\"cmsmasters_divider_69fd0f2bca0896_35322651\" class=\"cl\"><\/div>\n<div class=\"cmsmasters_text\">\n<h2 style=\"text-align: center;\">Paisajes Culturales<\/h2>\n<\/div>\n<div class=\"custom_html\">\n<iframe loading=\"lazy\" src=\"https:\/\/player.vimeo.com\/video\/738550509?h=a53a52328f\" width=\"640\" height=\"360\" frameborder=\"0\" allow=\"autoplay; fullscreen; picture-in-picture\" allowfullscreen><\/iframe>\n<\/div>\n\n<div id=\"cmsmasters_divider_69fd0f2bca0f44_06424156\" class=\"cl\"><\/div>\n<div class=\"cmsmasters_text\">\n<h2 style=\"text-align: center;\">El Calatrave\u00f1o y el Barranco de la Calera<\/h2>\n<\/div>\n<div class=\"custom_html\">\n<iframe loading=\"lazy\" src=\"https:\/\/player.vimeo.com\/video\/738550653?h=327950face\" width=\"640\" height=\"360\" frameborder=\"0\" allow=\"autoplay; fullscreen; picture-in-picture\" allowfullscreen><\/iframe>\n<\/div>\n\n<div id=\"cmsmasters_divider_69fd0f2bca15d4_38027435\" class=\"cl\"><\/div>\n<div class=\"cmsmasters_text\">\n<h2 style=\"text-align: center;\">Camino de Alcaracejos. Peregrinos y deportistas<\/h2>\n<\/div>\n<div class=\"custom_html\">\n<iframe loading=\"lazy\" src=\"https:\/\/player.vimeo.com\/video\/738550894?h=75abf97706\" width=\"640\" height=\"360\" frameborder=\"0\" allow=\"autoplay; fullscreen; picture-in-picture\" allowfullscreen><\/iframe>\n<\/div>\n\n<div id=\"cmsmasters_divider_69fd0f2bca1c76_74940094\" class=\"cl\"><\/div>\n<div class=\"cmsmasters_text\">\n<h2 style=\"text-align: center;\">Un mirador y una ermita<\/h2>\n<\/div>\n<div class=\"custom_html\">\n<iframe loading=\"lazy\" src=\"https:\/\/player.vimeo.com\/video\/738551063?h=8671e5808c\" width=\"640\" height=\"360\" frameborder=\"0\" allow=\"autoplay; fullscreen; picture-in-picture\" allowfullscreen><\/iframe>\n<\/div>\n\n<div id=\"cmsmasters_divider_69fd0f2bca22e2_78822279\" class=\"cl\"><\/div>\n<\/div>\n<\/div>\n<\/div>\n<\/div>\n<\/div>\n<\/div>\n\n","protected":false},"excerpt":{"rendered":"","protected":false},"author":1,"featured_media":0,"parent":0,"menu_order":0,"comment_status":"closed","ping_status":"closed","template":"","meta":{"_exactmetrics_skip_tracking":false,"_exactmetrics_sitenote_active":false,"_exactmetrics_sitenote_note":"","_exactmetrics_sitenote_category":0,"footnotes":""},"class_list":["post-6639","page","type-page","status-publish","hentry"],"yoast_head":"<!-- This site is optimized with the Yoast SEO plugin v26.7 - https:\/\/yoast.com\/wordpress\/plugins\/seo\/ -->\n<title>Vid\u00e9os | Alcaracejos Moz\u00e1rabe<\/title>\n<meta name=\"robots\" content=\"index, follow, max-snippet:-1, max-image-preview:large, max-video-preview:-1\" \/>\n<link rel=\"canonical\" href=\"https:\/\/alcaracejosmozarabe.com\/fr\/videos\/\" \/>\n<meta property=\"og:locale\" content=\"fr_FR\" \/>\n<meta property=\"og:type\" content=\"article\" \/>\n<meta property=\"og:title\" content=\"Vid\u00e9os | Alcaracejos Moz\u00e1rabe\" \/>\n<meta property=\"og:url\" content=\"https:\/\/alcaracejosmozarabe.com\/fr\/videos\/\" \/>\n<meta property=\"og:site_name\" content=\"Alcaracejos Moz\u00e1rabe\" \/>\n<meta property=\"article:modified_time\" content=\"2022-08-11T11:37:42+00:00\" \/>\n<meta name=\"twitter:card\" content=\"summary_large_image\" \/>\n<meta name=\"twitter:label1\" content=\"Dur\u00e9e de lecture estim\u00e9e\" \/>\n\t<meta name=\"twitter:data1\" content=\"2 minutes\" \/>\n<script type=\"application\/ld+json\" class=\"yoast-schema-graph\">{\"@context\":\"https:\/\/schema.org\",\"@graph\":[{\"@type\":\"WebPage\",\"@id\":\"https:\/\/alcaracejosmozarabe.com\/fr\/videos\/\",\"url\":\"https:\/\/alcaracejosmozarabe.com\/fr\/videos\/\",\"name\":\"Vid\u00e9os | Alcaracejos Moz\u00e1rabe\",\"isPartOf\":{\"@id\":\"https:\/\/alcaracejosmozarabe.com\/#website\"},\"datePublished\":\"2022-08-10T09:24:40+00:00\",\"dateModified\":\"2022-08-11T11:37:42+00:00\",\"breadcrumb\":{\"@id\":\"https:\/\/alcaracejosmozarabe.com\/fr\/videos\/#breadcrumb\"},\"inLanguage\":\"fr-FR\",\"potentialAction\":[{\"@type\":\"ReadAction\",\"target\":[\"https:\/\/alcaracejosmozarabe.com\/fr\/videos\/\"]}]},{\"@type\":\"BreadcrumbList\",\"@id\":\"https:\/\/alcaracejosmozarabe.com\/fr\/videos\/#breadcrumb\",\"itemListElement\":[{\"@type\":\"ListItem\",\"position\":1,\"name\":\"Home\",\"item\":\"https:\/\/alcaracejosmozarabe.com\/fr\/\"},{\"@type\":\"ListItem\",\"position\":2,\"name\":\"Vid\u00e9os\"}]},{\"@type\":\"WebSite\",\"@id\":\"https:\/\/alcaracejosmozarabe.com\/#website\",\"url\":\"https:\/\/alcaracejosmozarabe.com\/\",\"name\":\"Alcaracejos Moz\u00e1rabe\",\"description\":\"Descubre todo lo que puede ofrecerte Alcaracejos\",\"potentialAction\":[{\"@type\":\"SearchAction\",\"target\":{\"@type\":\"EntryPoint\",\"urlTemplate\":\"https:\/\/alcaracejosmozarabe.com\/?s={search_term_string}\"},\"query-input\":{\"@type\":\"PropertyValueSpecification\",\"valueRequired\":true,\"valueName\":\"search_term_string\"}}],\"inLanguage\":\"fr-FR\"}]}<\/script>\n<!-- \/ Yoast SEO plugin. -->","yoast_head_json":{"title":"Vid\u00e9os | Alcaracejos Moz\u00e1rabe","robots":{"index":"index","follow":"follow","max-snippet":"max-snippet:-1","max-image-preview":"max-image-preview:large","max-video-preview":"max-video-preview:-1"},"canonical":"https:\/\/alcaracejosmozarabe.com\/fr\/videos\/","og_locale":"fr_FR","og_type":"article","og_title":"Vid\u00e9os | Alcaracejos Moz\u00e1rabe","og_url":"https:\/\/alcaracejosmozarabe.com\/fr\/videos\/","og_site_name":"Alcaracejos Moz\u00e1rabe","article_modified_time":"2022-08-11T11:37:42+00:00","twitter_card":"summary_large_image","twitter_misc":{"Dur\u00e9e de lecture estim\u00e9e":"2 minutes"},"schema":{"@context":"https:\/\/schema.org","@graph":[{"@type":"WebPage","@id":"https:\/\/alcaracejosmozarabe.com\/fr\/videos\/","url":"https:\/\/alcaracejosmozarabe.com\/fr\/videos\/","name":"Vid\u00e9os | Alcaracejos Moz\u00e1rabe","isPartOf":{"@id":"https:\/\/alcaracejosmozarabe.com\/#website"},"datePublished":"2022-08-10T09:24:40+00:00","dateModified":"2022-08-11T11:37:42+00:00","breadcrumb":{"@id":"https:\/\/alcaracejosmozarabe.com\/fr\/videos\/#breadcrumb"},"inLanguage":"fr-FR","potentialAction":[{"@type":"ReadAction","target":["https:\/\/alcaracejosmozarabe.com\/fr\/videos\/"]}]},{"@type":"BreadcrumbList","@id":"https:\/\/alcaracejosmozarabe.com\/fr\/videos\/#breadcrumb","itemListElement":[{"@type":"ListItem","position":1,"name":"Home","item":"https:\/\/alcaracejosmozarabe.com\/fr\/"},{"@type":"ListItem","position":2,"name":"Vid\u00e9os"}]},{"@type":"WebSite","@id":"https:\/\/alcaracejosmozarabe.com\/#website","url":"https:\/\/alcaracejosmozarabe.com\/","name":"Alcaracejos Moz\u00e1rabe","description":"Descubre todo lo que puede ofrecerte Alcaracejos","potentialAction":[{"@type":"SearchAction","target":{"@type":"EntryPoint","urlTemplate":"https:\/\/alcaracejosmozarabe.com\/?s={search_term_string}"},"query-input":{"@type":"PropertyValueSpecification","valueRequired":true,"valueName":"search_term_string"}}],"inLanguage":"fr-FR"}]}},"_links":{"self":[{"href":"https:\/\/alcaracejosmozarabe.com\/fr\/wp-json\/wp\/v2\/pages\/6639","targetHints":{"allow":["GET"]}}],"collection":[{"href":"https:\/\/alcaracejosmozarabe.com\/fr\/wp-json\/wp\/v2\/pages"}],"about":[{"href":"https:\/\/alcaracejosmozarabe.com\/fr\/wp-json\/wp\/v2\/types\/page"}],"author":[{"embeddable":true,"href":"https:\/\/alcaracejosmozarabe.com\/fr\/wp-json\/wp\/v2\/users\/1"}],"replies":[{"embeddable":true,"href":"https:\/\/alcaracejosmozarabe.com\/fr\/wp-json\/wp\/v2\/comments?post=6639"}],"version-history":[{"count":4,"href":"https:\/\/alcaracejosmozarabe.com\/fr\/wp-json\/wp\/v2\/pages\/6639\/revisions"}],"predecessor-version":[{"id":6785,"href":"https:\/\/alcaracejosmozarabe.com\/fr\/wp-json\/wp\/v2\/pages\/6639\/revisions\/6785"}],"wp:attachment":[{"href":"https:\/\/alcaracejosmozarabe.com\/fr\/wp-json\/wp\/v2\/media?parent=6639"}],"curies":[{"name":"wp","href":"https:\/\/api.w.org\/{rel}","templated":true}]}}